{"id":586,"date":"2025-11-16T11:50:39","date_gmt":"2025-11-16T11:50:39","guid":{"rendered":"https:\/\/fankomiks.pl\/sklep\/?post_type=product&#038;p=586"},"modified":"2026-01-10T15:35:02","modified_gmt":"2026-01-10T15:35:02","slug":"arche-lailah","status":"publish","type":"product","link":"https:\/\/fankomiks.pl\/sklep\/produkt\/arche-lailah\/","title":{"rendered":"Arch\u00e9 \u2022 Lailah"},"content":{"rendered":"<p><strong>Uwaga: komiks tylko dla doros\u0142ych! Zawiera dosadne sceny erotyczne.<\/strong><\/p>\n<p><b>Caza, mistrz europejskiego komiksu, w historiach wprost z magazyn\u00f3w\u00a0<i>M\u00e9tal Hurlant<\/i>\u00a0i\u00a0<i>Heavy Metal<\/i>.<\/b>\u00a0To w\u0142a\u015bnie te jego prace przynios\u0142y mu \u015bwiatow\u0105 popularno\u015b\u0107. Dzi\u0119ki nim stawiany jest na r\u00f3wni z takimi ikonami jak\u00a0<i>M\u0153bius<\/i>,\u00a0<i>Bilal<\/i>\u00a0czy\u00a0<i>Druillet<\/i>. Osza\u0142amiaj\u0105cy styl graficzny\u00a0<i>Cazy<\/i>\u00a0oraz stosowane przez niego rozwi\u0105zania narracyjne sprawiaj\u0105, \u017ce uwa\u017cany jest za jednego z tych artyst\u00f3w, dzi\u0119ki kt\u00f3rym komiks zosta\u0142 zdefiniowany na nowo i zyska\u0142 miano pe\u0142noprawnej sztuki.<\/p>\n<p>Przygotujcie si\u0119 na historie sk\u0105pane w sosie nieskr\u0119powanej fantastyki. Pe\u0142ne erotyzmu, brutalno\u015bci, oniryzmu i nawi\u0105za\u0144 do mitologii biblijnej. Powi\u0119kszony format pozwoli wam podziwia\u0107 kunszt tego mistrza w pe\u0142nej krasie.<\/p>\n","protected":false},"excerpt":{"rendered":"<p>Uwaga: komiks tylko dla doros\u0142ych! Zawiera dosadne sceny erotyczne. Caza, mistrz europejskiego komiksu, w historiach wprost z magazyn\u00f3w\u00a0M\u00e9tal Hurlant\u00a0i\u00a0Heavy Metal.\u00a0To [&hellip;]<\/p>\n","protected":false},"featured_media":587,"template":"","meta":{"site-sidebar-layout":"default","site-content-layout":"","ast-site-content-layout":"default","site-content-style":"default","site-sidebar-style":"default","ast-global-header-display":"","ast-banner-title-visibility":"","ast-main-header-display":"","ast-hfb-above-header-display":"","ast-hfb-below-header-display":"","ast-hfb-mobile-header-display":"","site-post-title":"","ast-breadcrumbs-content":"","ast-featured-img":"","footer-sml-layout":"","ast-disable-related-posts":"","theme-transparent-header-meta":"default","adv-header-id-meta":"","stick-header-meta":"","header-above-stick-meta":"","header-main-stick-meta":"","header-below-stick-meta":"","astra-migrate-meta-layouts":"set","ast-page-background-enabled":"default","ast-page-background-meta":{"desktop":{"background-color":"var(--ast-global-color-5)","background-image":"","background-repeat":"repeat","background-position":"center center","background-size":"auto","background-attachment":"scroll","background-type":"","background-media":"","overlay-type":"","overlay-color":"","overlay-opacity":"","overlay-gradient":""},"tablet":{"background-color":"","background-image":"","background-repeat":"repeat","background-position":"center center","background-size":"auto","background-attachment":"scroll","background-type":"","background-media":"","overlay-type":"","overlay-color":"","overlay-opacity":"","overlay-gradient":""},"mobile":{"background-color":"","background-image":"","background-repeat":"repeat","background-position":"center center","background-size":"auto","background-attachment":"scroll","background-type":"","background-media":"","overlay-type":"","overlay-color":"","overlay-opacity":"","overlay-gradient":""}},"ast-content-background-meta":{"desktop":{"background-color":"var(--ast-global-color-4)","background-image":"","background-repeat":"repeat","background-position":"center center","background-size":"auto","background-attachment":"scroll","background-type":"","background-media":"","overlay-type":"","overlay-color":"","overlay-opacity":"","overlay-gradient":""},"tablet":{"background-color":"var(--ast-global-color-4)","background-image":"","background-repeat":"repeat","background-position":"center center","background-size":"auto","background-attachment":"scroll","background-type":"","background-media":"","overlay-type":"","overlay-color":"","overlay-opacity":"","overlay-gradient":""},"mobile":{"background-color":"var(--ast-global-color-4)","background-image":"","background-repeat":"repeat","background-position":"center center","background-size":"auto","background-attachment":"scroll","background-type":"","background-media":"","overlay-type":"","overlay-color":"","overlay-opacity":"","overlay-gradient":""}}},"product_brand":[],"product_cat":[20],"product_tag":[],"class_list":{"0":"post-586","1":"product","2":"type-product","3":"status-publish","4":"has-post-thumbnail","6":"product_cat-biale-kruki","7":"desktop-align-left","8":"tablet-align-left","9":"mobile-align-left","11":"first","12":"instock","13":"shipping-taxable","14":"purchasable","15":"product-type-simple"},"yoast_head":"<!-- This site is optimized with the Yoast SEO plugin v26.7 - https:\/\/yoast.com\/wordpress\/plugins\/seo\/ -->\n<title>Arch\u00e9 \u2022 Lailah - Fankomiks Sklep<\/title>\n<meta name=\"robots\" content=\"index, follow, max-snippet:-1, max-image-preview:large, max-video-preview:-1\" \/>\n<link rel=\"canonical\" href=\"https:\/\/fankomiks.pl\/sklep\/produkt\/arche-lailah\/\" \/>\n<meta property=\"og:locale\" content=\"pl_PL\" \/>\n<meta property=\"og:type\" content=\"article\" \/>\n<meta property=\"og:title\" content=\"Arch\u00e9 \u2022 Lailah - Fankomiks Sklep\" \/>\n<meta property=\"og:description\" content=\"Uwaga: komiks tylko dla doros\u0142ych! Zawiera dosadne sceny erotyczne. Caza, mistrz europejskiego komiksu, w historiach wprost z magazyn\u00f3w\u00a0M\u00e9tal Hurlant\u00a0i\u00a0Heavy Metal.\u00a0To [&hellip;]\" \/>\n<meta property=\"og:url\" content=\"https:\/\/fankomiks.pl\/sklep\/produkt\/arche-lailah\/\" \/>\n<meta property=\"og:site_name\" content=\"Fankomiks Sklep\" \/>\n<meta property=\"article:publisher\" content=\"https:\/\/www.facebook.com\/Fankomiks\" \/>\n<meta property=\"article:modified_time\" content=\"2026-01-10T15:35:02+00:00\" \/>\n<meta property=\"og:image\" content=\"https:\/\/fankomiks.pl\/sklep\/wp-content\/uploads\/2025\/11\/arche-lailah_okladka-a-big.jpg\" \/>\n\t<meta property=\"og:image:width\" content=\"433\" \/>\n\t<meta property=\"og:image:height\" content=\"570\" \/>\n\t<meta property=\"og:image:type\" content=\"image\/jpeg\" \/>\n<meta name=\"twitter:card\" content=\"summary_large_image\" \/>\n<meta name=\"twitter:site\" content=\"@Fankomiks\" \/>\n<meta name=\"twitter:label1\" content=\"Szacowany czas czytania\" \/>\n\t<meta name=\"twitter:data1\" content=\"1 minuta\" \/>\n<script type=\"application\/ld+json\" class=\"yoast-schema-graph\">{\"@context\":\"https:\/\/schema.org\",\"@graph\":[{\"@type\":\"WebPage\",\"@id\":\"https:\/\/fankomiks.pl\/sklep\/produkt\/arche-lailah\/\",\"url\":\"https:\/\/fankomiks.pl\/sklep\/produkt\/arche-lailah\/\",\"name\":\"Arch\u00e9 \u2022 Lailah - Fankomiks Sklep\",\"isPartOf\":{\"@id\":\"https:\/\/fankomiks.pl\/sklep\/#website\"},\"primaryImageOfPage\":{\"@id\":\"https:\/\/fankomiks.pl\/sklep\/produkt\/arche-lailah\/#primaryimage\"},\"image\":{\"@id\":\"https:\/\/fankomiks.pl\/sklep\/produkt\/arche-lailah\/#primaryimage\"},\"thumbnailUrl\":\"https:\/\/fankomiks.pl\/sklep\/wp-content\/uploads\/2025\/11\/arche-lailah_okladka-a-big.jpg\",\"datePublished\":\"2025-11-16T11:50:39+00:00\",\"dateModified\":\"2026-01-10T15:35:02+00:00\",\"breadcrumb\":{\"@id\":\"https:\/\/fankomiks.pl\/sklep\/produkt\/arche-lailah\/#breadcrumb\"},\"inLanguage\":\"pl-PL\",\"potentialAction\":[{\"@type\":\"ReadAction\",\"target\":[\"https:\/\/fankomiks.pl\/sklep\/produkt\/arche-lailah\/\"]}]},{\"@type\":\"ImageObject\",\"inLanguage\":\"pl-PL\",\"@id\":\"https:\/\/fankomiks.pl\/sklep\/produkt\/arche-lailah\/#primaryimage\",\"url\":\"https:\/\/fankomiks.pl\/sklep\/wp-content\/uploads\/2025\/11\/arche-lailah_okladka-a-big.jpg\",\"contentUrl\":\"https:\/\/fankomiks.pl\/sklep\/wp-content\/uploads\/2025\/11\/arche-lailah_okladka-a-big.jpg\",\"width\":433,\"height\":570},{\"@type\":\"BreadcrumbList\",\"@id\":\"https:\/\/fankomiks.pl\/sklep\/produkt\/arche-lailah\/#breadcrumb\",\"itemListElement\":[{\"@type\":\"ListItem\",\"position\":1,\"name\":\"Strona g\u0142\u00f3wna\",\"item\":\"https:\/\/fankomiks.pl\/sklep\/\"},{\"@type\":\"ListItem\",\"position\":2,\"name\":\"Nowo\u015bci\",\"item\":\"https:\/\/fankomiks.pl\/sklep\/sklep\/\"},{\"@type\":\"ListItem\",\"position\":3,\"name\":\"Arch\u00e9 \u2022 Lailah\"}]},{\"@type\":\"WebSite\",\"@id\":\"https:\/\/fankomiks.pl\/sklep\/#website\",\"url\":\"https:\/\/fankomiks.pl\/sklep\/\",\"name\":\"Fankomiks Sklep\",\"description\":\"Najwi\u0119kszy i najstarszy sklep z komiksami w Krakowie\",\"publisher\":{\"@id\":\"https:\/\/fankomiks.pl\/sklep\/#organization\"},\"potentialAction\":[{\"@type\":\"SearchAction\",\"target\":{\"@type\":\"EntryPoint\",\"urlTemplate\":\"https:\/\/fankomiks.pl\/sklep\/?s={search_term_string}\"},\"query-input\":{\"@type\":\"PropertyValueSpecification\",\"valueRequired\":true,\"valueName\":\"search_term_string\"}}],\"inLanguage\":\"pl-PL\"},{\"@type\":\"Organization\",\"@id\":\"https:\/\/fankomiks.pl\/sklep\/#organization\",\"name\":\"Najwi\u0119kszy i najstarszy sklep z komiksami w Krakowie\",\"url\":\"https:\/\/fankomiks.pl\/sklep\/\",\"logo\":{\"@type\":\"ImageObject\",\"inLanguage\":\"pl-PL\",\"@id\":\"https:\/\/fankomiks.pl\/sklep\/#\/schema\/logo\/image\/\",\"url\":\"https:\/\/fankomiks.pl\/sklep\/wp-content\/uploads\/2025\/09\/Tablica-fan-komiks-1-scaled.webp\",\"contentUrl\":\"https:\/\/fankomiks.pl\/sklep\/wp-content\/uploads\/2025\/09\/Tablica-fan-komiks-1-scaled.webp\",\"width\":2367,\"height\":2560,\"caption\":\"Najwi\u0119kszy i najstarszy sklep z komiksami w Krakowie\"},\"image\":{\"@id\":\"https:\/\/fankomiks.pl\/sklep\/#\/schema\/logo\/image\/\"},\"sameAs\":[\"https:\/\/www.facebook.com\/Fankomiks\",\"https:\/\/x.com\/Fankomiks\"]}]}<\/script>\n<!-- \/ Yoast SEO plugin. -->","yoast_head_json":{"title":"Arch\u00e9 \u2022 Lailah - Fankomiks Sklep","robots":{"index":"index","follow":"follow","max-snippet":"max-snippet:-1","max-image-preview":"max-image-preview:large","max-video-preview":"max-video-preview:-1"},"canonical":"https:\/\/fankomiks.pl\/sklep\/produkt\/arche-lailah\/","og_locale":"pl_PL","og_type":"article","og_title":"Arch\u00e9 \u2022 Lailah - Fankomiks Sklep","og_description":"Uwaga: komiks tylko dla doros\u0142ych! Zawiera dosadne sceny erotyczne. Caza, mistrz europejskiego komiksu, w historiach wprost z magazyn\u00f3w\u00a0M\u00e9tal Hurlant\u00a0i\u00a0Heavy Metal.\u00a0To [&hellip;]","og_url":"https:\/\/fankomiks.pl\/sklep\/produkt\/arche-lailah\/","og_site_name":"Fankomiks Sklep","article_publisher":"https:\/\/www.facebook.com\/Fankomiks","article_modified_time":"2026-01-10T15:35:02+00:00","og_image":[{"width":433,"height":570,"url":"https:\/\/fankomiks.pl\/sklep\/wp-content\/uploads\/2025\/11\/arche-lailah_okladka-a-big.jpg","type":"image\/jpeg"}],"twitter_card":"summary_large_image","twitter_site":"@Fankomiks","twitter_misc":{"Szacowany czas czytania":"1 minuta"},"schema":{"@context":"https:\/\/schema.org","@graph":[{"@type":"WebPage","@id":"https:\/\/fankomiks.pl\/sklep\/produkt\/arche-lailah\/","url":"https:\/\/fankomiks.pl\/sklep\/produkt\/arche-lailah\/","name":"Arch\u00e9 \u2022 Lailah - Fankomiks Sklep","isPartOf":{"@id":"https:\/\/fankomiks.pl\/sklep\/#website"},"primaryImageOfPage":{"@id":"https:\/\/fankomiks.pl\/sklep\/produkt\/arche-lailah\/#primaryimage"},"image":{"@id":"https:\/\/fankomiks.pl\/sklep\/produkt\/arche-lailah\/#primaryimage"},"thumbnailUrl":"https:\/\/fankomiks.pl\/sklep\/wp-content\/uploads\/2025\/11\/arche-lailah_okladka-a-big.jpg","datePublished":"2025-11-16T11:50:39+00:00","dateModified":"2026-01-10T15:35:02+00:00","breadcrumb":{"@id":"https:\/\/fankomiks.pl\/sklep\/produkt\/arche-lailah\/#breadcrumb"},"inLanguage":"pl-PL","potentialAction":[{"@type":"ReadAction","target":["https:\/\/fankomiks.pl\/sklep\/produkt\/arche-lailah\/"]}]},{"@type":"ImageObject","inLanguage":"pl-PL","@id":"https:\/\/fankomiks.pl\/sklep\/produkt\/arche-lailah\/#primaryimage","url":"https:\/\/fankomiks.pl\/sklep\/wp-content\/uploads\/2025\/11\/arche-lailah_okladka-a-big.jpg","contentUrl":"https:\/\/fankomiks.pl\/sklep\/wp-content\/uploads\/2025\/11\/arche-lailah_okladka-a-big.jpg","width":433,"height":570},{"@type":"BreadcrumbList","@id":"https:\/\/fankomiks.pl\/sklep\/produkt\/arche-lailah\/#breadcrumb","itemListElement":[{"@type":"ListItem","position":1,"name":"Strona g\u0142\u00f3wna","item":"https:\/\/fankomiks.pl\/sklep\/"},{"@type":"ListItem","position":2,"name":"Nowo\u015bci","item":"https:\/\/fankomiks.pl\/sklep\/sklep\/"},{"@type":"ListItem","position":3,"name":"Arch\u00e9 \u2022 Lailah"}]},{"@type":"WebSite","@id":"https:\/\/fankomiks.pl\/sklep\/#website","url":"https:\/\/fankomiks.pl\/sklep\/","name":"Fankomiks Sklep","description":"Najwi\u0119kszy i najstarszy sklep z komiksami w Krakowie","publisher":{"@id":"https:\/\/fankomiks.pl\/sklep\/#organization"},"potentialAction":[{"@type":"SearchAction","target":{"@type":"EntryPoint","urlTemplate":"https:\/\/fankomiks.pl\/sklep\/?s={search_term_string}"},"query-input":{"@type":"PropertyValueSpecification","valueRequired":true,"valueName":"search_term_string"}}],"inLanguage":"pl-PL"},{"@type":"Organization","@id":"https:\/\/fankomiks.pl\/sklep\/#organization","name":"Najwi\u0119kszy i najstarszy sklep z komiksami w Krakowie","url":"https:\/\/fankomiks.pl\/sklep\/","logo":{"@type":"ImageObject","inLanguage":"pl-PL","@id":"https:\/\/fankomiks.pl\/sklep\/#\/schema\/logo\/image\/","url":"https:\/\/fankomiks.pl\/sklep\/wp-content\/uploads\/2025\/09\/Tablica-fan-komiks-1-scaled.webp","contentUrl":"https:\/\/fankomiks.pl\/sklep\/wp-content\/uploads\/2025\/09\/Tablica-fan-komiks-1-scaled.webp","width":2367,"height":2560,"caption":"Najwi\u0119kszy i najstarszy sklep z komiksami w Krakowie"},"image":{"@id":"https:\/\/fankomiks.pl\/sklep\/#\/schema\/logo\/image\/"},"sameAs":["https:\/\/www.facebook.com\/Fankomiks","https:\/\/x.com\/Fankomiks"]}]}},"_links":{"self":[{"href":"https:\/\/fankomiks.pl\/sklep\/wp-json\/wp\/v2\/product\/586","targetHints":{"allow":["GET"]}}],"collection":[{"href":"https:\/\/fankomiks.pl\/sklep\/wp-json\/wp\/v2\/product"}],"about":[{"href":"https:\/\/fankomiks.pl\/sklep\/wp-json\/wp\/v2\/types\/product"}],"wp:featuredmedia":[{"embeddable":true,"href":"https:\/\/fankomiks.pl\/sklep\/wp-json\/wp\/v2\/media\/587"}],"wp:attachment":[{"href":"https:\/\/fankomiks.pl\/sklep\/wp-json\/wp\/v2\/media?parent=586"}],"wp:term":[{"taxonomy":"product_brand","embeddable":true,"href":"https:\/\/fankomiks.pl\/sklep\/wp-json\/wp\/v2\/product_brand?post=586"},{"taxonomy":"product_cat","embeddable":true,"href":"https:\/\/fankomiks.pl\/sklep\/wp-json\/wp\/v2\/product_cat?post=586"},{"taxonomy":"product_tag","embeddable":true,"href":"https:\/\/fankomiks.pl\/sklep\/wp-json\/wp\/v2\/product_tag?post=586"}],"curies":[{"name":"wp","href":"https:\/\/api.w.org\/{rel}","templated":true}]}}