{"id":581,"date":"2025-11-16T11:44:27","date_gmt":"2025-11-16T11:44:27","guid":{"rendered":"https:\/\/fankomiks.pl\/sklep\/?post_type=product&#038;p=581"},"modified":"2025-11-16T11:44:27","modified_gmt":"2025-11-16T11:44:27","slug":"tytus-romek-i-atomek-ksiega-zero","status":"publish","type":"product","link":"https:\/\/fankomiks.pl\/sklep\/produkt\/tytus-romek-i-atomek-ksiega-zero\/","title":{"rendered":"Tytus, Romek i A&#8217;Tomek: Ksi\u0119ga Zero"},"content":{"rendered":"<p>Jubileuszowa, setna pozycja w Klubie \u015awiata Komiksu wydawnictwa Egmont, to prawdziwa gratka dla zbieraczy &#8211; wyb\u00f3r najstarszych historyjek o Tytusie! Publikowane by\u0142y na \u0142amach &#8222;\u015awiata M\u0142odych&#8221; w latach 1957-1966 i doczeka\u0142y si\u0119 wznowienia dopiero w niniejszym wydaniu. Wida\u0107 dzi\u0119ki nim, \u017ce komiksy Papcia Chmiela od samego pocz\u0105tku by\u0142y skarbnic\u0105 niesamowitych pomys\u0142\u00f3w, przez co nie bez powodu sta\u0142y si\u0119 klasyk\u0105 polskiego komiksu fantastycznego.<\/p>\n<p>u\u017cywana, stan jak na zdj\u0119ciach<\/p>\n","protected":false},"excerpt":{"rendered":"<p>Jubileuszowa, setna pozycja w Klubie \u015awiata Komiksu wydawnictwa Egmont, to prawdziwa gratka dla zbieraczy &#8211; wyb\u00f3r najstarszych historyjek o Tytusie! [&hellip;]<\/p>\n","protected":false},"featured_media":582,"template":"","meta":{"site-sidebar-layout":"default","site-content-layout":"","ast-site-content-layout":"default","site-content-style":"default","site-sidebar-style":"default","ast-global-header-display":"","ast-banner-title-visibility":"","ast-main-header-display":"","ast-hfb-above-header-display":"","ast-hfb-below-header-display":"","ast-hfb-mobile-header-display":"","site-post-title":"","ast-breadcrumbs-content":"","ast-featured-img":"","footer-sml-layout":"","ast-disable-related-posts":"","theme-transparent-header-meta":"default","adv-header-id-meta":"","stick-header-meta":"","header-above-stick-meta":"","header-main-stick-meta":"","header-below-stick-meta":"","astra-migrate-meta-layouts":"set","ast-page-background-enabled":"default","ast-page-background-meta":{"desktop":{"background-color":"var(--ast-global-color-5)","background-image":"","background-repeat":"repeat","background-position":"center center","background-size":"auto","background-attachment":"scroll","background-type":"","background-media":"","overlay-type":"","overlay-color":"","overlay-opacity":"","overlay-gradient":""},"tablet":{"background-color":"","background-image":"","background-repeat":"repeat","background-position":"center center","background-size":"auto","background-attachment":"scroll","background-type":"","background-media":"","overlay-type":"","overlay-color":"","overlay-opacity":"","overlay-gradient":""},"mobile":{"background-color":"","background-image":"","background-repeat":"repeat","background-position":"center center","background-size":"auto","background-attachment":"scroll","background-type":"","background-media":"","overlay-type":"","overlay-color":"","overlay-opacity":"","overlay-gradient":""}},"ast-content-background-meta":{"desktop":{"background-color":"var(--ast-global-color-4)","background-image":"","background-repeat":"repeat","background-position":"center center","background-size":"auto","background-attachment":"scroll","background-type":"","background-media":"","overlay-type":"","overlay-color":"","overlay-opacity":"","overlay-gradient":""},"tablet":{"background-color":"var(--ast-global-color-4)","background-image":"","background-repeat":"repeat","background-position":"center center","background-size":"auto","background-attachment":"scroll","background-type":"","background-media":"","overlay-type":"","overlay-color":"","overlay-opacity":"","overlay-gradient":""},"mobile":{"background-color":"var(--ast-global-color-4)","background-image":"","background-repeat":"repeat","background-position":"center center","background-size":"auto","background-attachment":"scroll","background-type":"","background-media":"","overlay-type":"","overlay-color":"","overlay-opacity":"","overlay-gradient":""}}},"product_brand":[],"product_cat":[22],"product_tag":[],"class_list":{"0":"post-581","1":"product","2":"type-product","3":"status-publish","4":"has-post-thumbnail","6":"product_cat-antykwariat","7":"desktop-align-left","8":"tablet-align-left","9":"mobile-align-left","11":"first","12":"instock","13":"shipping-taxable","14":"purchasable","15":"product-type-simple"},"yoast_head":"<!-- This site is optimized with the Yoast SEO plugin v26.7 - https:\/\/yoast.com\/wordpress\/plugins\/seo\/ -->\n<title>Tytus, Romek i A&#039;Tomek: Ksi\u0119ga Zero - Fankomiks Sklep<\/title>\n<meta name=\"robots\" content=\"index, follow, max-snippet:-1, max-image-preview:large, max-video-preview:-1\" \/>\n<link rel=\"canonical\" href=\"https:\/\/fankomiks.pl\/sklep\/produkt\/tytus-romek-i-atomek-ksiega-zero\/\" \/>\n<meta property=\"og:locale\" content=\"pl_PL\" \/>\n<meta property=\"og:type\" content=\"article\" \/>\n<meta property=\"og:title\" content=\"Tytus, Romek i A&#039;Tomek: Ksi\u0119ga Zero - Fankomiks Sklep\" \/>\n<meta property=\"og:description\" content=\"Jubileuszowa, setna pozycja w Klubie \u015awiata Komiksu wydawnictwa Egmont, to prawdziwa gratka dla zbieraczy &#8211; wyb\u00f3r najstarszych historyjek o Tytusie! [&hellip;]\" \/>\n<meta property=\"og:url\" content=\"https:\/\/fankomiks.pl\/sklep\/produkt\/tytus-romek-i-atomek-ksiega-zero\/\" \/>\n<meta property=\"og:site_name\" content=\"Fankomiks Sklep\" \/>\n<meta property=\"article:publisher\" content=\"https:\/\/www.facebook.com\/Fankomiks\" \/>\n<meta property=\"og:image\" content=\"https:\/\/fankomiks.pl\/sklep\/wp-content\/uploads\/2025\/11\/IMG_20251114_164515-scaled.jpg\" \/>\n\t<meta property=\"og:image:width\" content=\"1721\" \/>\n\t<meta property=\"og:image:height\" content=\"2560\" \/>\n\t<meta property=\"og:image:type\" content=\"image\/jpeg\" \/>\n<meta name=\"twitter:card\" content=\"summary_large_image\" \/>\n<meta name=\"twitter:site\" content=\"@Fankomiks\" \/>\n<meta name=\"twitter:label1\" content=\"Szacowany czas czytania\" \/>\n\t<meta name=\"twitter:data1\" content=\"1 minuta\" \/>\n<script type=\"application\/ld+json\" class=\"yoast-schema-graph\">{\"@context\":\"https:\/\/schema.org\",\"@graph\":[{\"@type\":\"WebPage\",\"@id\":\"https:\/\/fankomiks.pl\/sklep\/produkt\/tytus-romek-i-atomek-ksiega-zero\/\",\"url\":\"https:\/\/fankomiks.pl\/sklep\/produkt\/tytus-romek-i-atomek-ksiega-zero\/\",\"name\":\"Tytus, Romek i A'Tomek: Ksi\u0119ga Zero - Fankomiks Sklep\",\"isPartOf\":{\"@id\":\"https:\/\/fankomiks.pl\/sklep\/#website\"},\"primaryImageOfPage\":{\"@id\":\"https:\/\/fankomiks.pl\/sklep\/produkt\/tytus-romek-i-atomek-ksiega-zero\/#primaryimage\"},\"image\":{\"@id\":\"https:\/\/fankomiks.pl\/sklep\/produkt\/tytus-romek-i-atomek-ksiega-zero\/#primaryimage\"},\"thumbnailUrl\":\"https:\/\/fankomiks.pl\/sklep\/wp-content\/uploads\/2025\/11\/IMG_20251114_164515-scaled.jpg\",\"datePublished\":\"2025-11-16T11:44:27+00:00\",\"breadcrumb\":{\"@id\":\"https:\/\/fankomiks.pl\/sklep\/produkt\/tytus-romek-i-atomek-ksiega-zero\/#breadcrumb\"},\"inLanguage\":\"pl-PL\",\"potentialAction\":[{\"@type\":\"ReadAction\",\"target\":[\"https:\/\/fankomiks.pl\/sklep\/produkt\/tytus-romek-i-atomek-ksiega-zero\/\"]}]},{\"@type\":\"ImageObject\",\"inLanguage\":\"pl-PL\",\"@id\":\"https:\/\/fankomiks.pl\/sklep\/produkt\/tytus-romek-i-atomek-ksiega-zero\/#primaryimage\",\"url\":\"https:\/\/fankomiks.pl\/sklep\/wp-content\/uploads\/2025\/11\/IMG_20251114_164515-scaled.jpg\",\"contentUrl\":\"https:\/\/fankomiks.pl\/sklep\/wp-content\/uploads\/2025\/11\/IMG_20251114_164515-scaled.jpg\",\"width\":1721,\"height\":2560,\"caption\":\"{\\\"capture_mode\\\":\\\"AutoModule\\\",\\\"faces\\\":[]}\"},{\"@type\":\"BreadcrumbList\",\"@id\":\"https:\/\/fankomiks.pl\/sklep\/produkt\/tytus-romek-i-atomek-ksiega-zero\/#breadcrumb\",\"itemListElement\":[{\"@type\":\"ListItem\",\"position\":1,\"name\":\"Strona g\u0142\u00f3wna\",\"item\":\"https:\/\/fankomiks.pl\/sklep\/\"},{\"@type\":\"ListItem\",\"position\":2,\"name\":\"Nowo\u015bci\",\"item\":\"https:\/\/fankomiks.pl\/sklep\/sklep\/\"},{\"@type\":\"ListItem\",\"position\":3,\"name\":\"Tytus, Romek i A&#8217;Tomek: Ksi\u0119ga Zero\"}]},{\"@type\":\"WebSite\",\"@id\":\"https:\/\/fankomiks.pl\/sklep\/#website\",\"url\":\"https:\/\/fankomiks.pl\/sklep\/\",\"name\":\"Fankomiks Sklep\",\"description\":\"Najwi\u0119kszy i najstarszy sklep z komiksami w Krakowie\",\"publisher\":{\"@id\":\"https:\/\/fankomiks.pl\/sklep\/#organization\"},\"potentialAction\":[{\"@type\":\"SearchAction\",\"target\":{\"@type\":\"EntryPoint\",\"urlTemplate\":\"https:\/\/fankomiks.pl\/sklep\/?s={search_term_string}\"},\"query-input\":{\"@type\":\"PropertyValueSpecification\",\"valueRequired\":true,\"valueName\":\"search_term_string\"}}],\"inLanguage\":\"pl-PL\"},{\"@type\":\"Organization\",\"@id\":\"https:\/\/fankomiks.pl\/sklep\/#organization\",\"name\":\"Najwi\u0119kszy i najstarszy sklep z komiksami w Krakowie\",\"url\":\"https:\/\/fankomiks.pl\/sklep\/\",\"logo\":{\"@type\":\"ImageObject\",\"inLanguage\":\"pl-PL\",\"@id\":\"https:\/\/fankomiks.pl\/sklep\/#\/schema\/logo\/image\/\",\"url\":\"https:\/\/fankomiks.pl\/sklep\/wp-content\/uploads\/2025\/09\/Tablica-fan-komiks-1-scaled.webp\",\"contentUrl\":\"https:\/\/fankomiks.pl\/sklep\/wp-content\/uploads\/2025\/09\/Tablica-fan-komiks-1-scaled.webp\",\"width\":2367,\"height\":2560,\"caption\":\"Najwi\u0119kszy i najstarszy sklep z komiksami w Krakowie\"},\"image\":{\"@id\":\"https:\/\/fankomiks.pl\/sklep\/#\/schema\/logo\/image\/\"},\"sameAs\":[\"https:\/\/www.facebook.com\/Fankomiks\",\"https:\/\/x.com\/Fankomiks\"]}]}<\/script>\n<!-- \/ Yoast SEO plugin. -->","yoast_head_json":{"title":"Tytus, Romek i A'Tomek: Ksi\u0119ga Zero - Fankomiks Sklep","robots":{"index":"index","follow":"follow","max-snippet":"max-snippet:-1","max-image-preview":"max-image-preview:large","max-video-preview":"max-video-preview:-1"},"canonical":"https:\/\/fankomiks.pl\/sklep\/produkt\/tytus-romek-i-atomek-ksiega-zero\/","og_locale":"pl_PL","og_type":"article","og_title":"Tytus, Romek i A'Tomek: Ksi\u0119ga Zero - Fankomiks Sklep","og_description":"Jubileuszowa, setna pozycja w Klubie \u015awiata Komiksu wydawnictwa Egmont, to prawdziwa gratka dla zbieraczy &#8211; wyb\u00f3r najstarszych historyjek o Tytusie! [&hellip;]","og_url":"https:\/\/fankomiks.pl\/sklep\/produkt\/tytus-romek-i-atomek-ksiega-zero\/","og_site_name":"Fankomiks Sklep","article_publisher":"https:\/\/www.facebook.com\/Fankomiks","og_image":[{"width":1721,"height":2560,"url":"https:\/\/fankomiks.pl\/sklep\/wp-content\/uploads\/2025\/11\/IMG_20251114_164515-scaled.jpg","type":"image\/jpeg"}],"twitter_card":"summary_large_image","twitter_site":"@Fankomiks","twitter_misc":{"Szacowany czas czytania":"1 minuta"},"schema":{"@context":"https:\/\/schema.org","@graph":[{"@type":"WebPage","@id":"https:\/\/fankomiks.pl\/sklep\/produkt\/tytus-romek-i-atomek-ksiega-zero\/","url":"https:\/\/fankomiks.pl\/sklep\/produkt\/tytus-romek-i-atomek-ksiega-zero\/","name":"Tytus, Romek i A'Tomek: Ksi\u0119ga Zero - Fankomiks Sklep","isPartOf":{"@id":"https:\/\/fankomiks.pl\/sklep\/#website"},"primaryImageOfPage":{"@id":"https:\/\/fankomiks.pl\/sklep\/produkt\/tytus-romek-i-atomek-ksiega-zero\/#primaryimage"},"image":{"@id":"https:\/\/fankomiks.pl\/sklep\/produkt\/tytus-romek-i-atomek-ksiega-zero\/#primaryimage"},"thumbnailUrl":"https:\/\/fankomiks.pl\/sklep\/wp-content\/uploads\/2025\/11\/IMG_20251114_164515-scaled.jpg","datePublished":"2025-11-16T11:44:27+00:00","breadcrumb":{"@id":"https:\/\/fankomiks.pl\/sklep\/produkt\/tytus-romek-i-atomek-ksiega-zero\/#breadcrumb"},"inLanguage":"pl-PL","potentialAction":[{"@type":"ReadAction","target":["https:\/\/fankomiks.pl\/sklep\/produkt\/tytus-romek-i-atomek-ksiega-zero\/"]}]},{"@type":"ImageObject","inLanguage":"pl-PL","@id":"https:\/\/fankomiks.pl\/sklep\/produkt\/tytus-romek-i-atomek-ksiega-zero\/#primaryimage","url":"https:\/\/fankomiks.pl\/sklep\/wp-content\/uploads\/2025\/11\/IMG_20251114_164515-scaled.jpg","contentUrl":"https:\/\/fankomiks.pl\/sklep\/wp-content\/uploads\/2025\/11\/IMG_20251114_164515-scaled.jpg","width":1721,"height":2560,"caption":"{\"capture_mode\":\"AutoModule\",\"faces\":[]}"},{"@type":"BreadcrumbList","@id":"https:\/\/fankomiks.pl\/sklep\/produkt\/tytus-romek-i-atomek-ksiega-zero\/#breadcrumb","itemListElement":[{"@type":"ListItem","position":1,"name":"Strona g\u0142\u00f3wna","item":"https:\/\/fankomiks.pl\/sklep\/"},{"@type":"ListItem","position":2,"name":"Nowo\u015bci","item":"https:\/\/fankomiks.pl\/sklep\/sklep\/"},{"@type":"ListItem","position":3,"name":"Tytus, Romek i A&#8217;Tomek: Ksi\u0119ga Zero"}]},{"@type":"WebSite","@id":"https:\/\/fankomiks.pl\/sklep\/#website","url":"https:\/\/fankomiks.pl\/sklep\/","name":"Fankomiks Sklep","description":"Najwi\u0119kszy i najstarszy sklep z komiksami w Krakowie","publisher":{"@id":"https:\/\/fankomiks.pl\/sklep\/#organization"},"potentialAction":[{"@type":"SearchAction","target":{"@type":"EntryPoint","urlTemplate":"https:\/\/fankomiks.pl\/sklep\/?s={search_term_string}"},"query-input":{"@type":"PropertyValueSpecification","valueRequired":true,"valueName":"search_term_string"}}],"inLanguage":"pl-PL"},{"@type":"Organization","@id":"https:\/\/fankomiks.pl\/sklep\/#organization","name":"Najwi\u0119kszy i najstarszy sklep z komiksami w Krakowie","url":"https:\/\/fankomiks.pl\/sklep\/","logo":{"@type":"ImageObject","inLanguage":"pl-PL","@id":"https:\/\/fankomiks.pl\/sklep\/#\/schema\/logo\/image\/","url":"https:\/\/fankomiks.pl\/sklep\/wp-content\/uploads\/2025\/09\/Tablica-fan-komiks-1-scaled.webp","contentUrl":"https:\/\/fankomiks.pl\/sklep\/wp-content\/uploads\/2025\/09\/Tablica-fan-komiks-1-scaled.webp","width":2367,"height":2560,"caption":"Najwi\u0119kszy i najstarszy sklep z komiksami w Krakowie"},"image":{"@id":"https:\/\/fankomiks.pl\/sklep\/#\/schema\/logo\/image\/"},"sameAs":["https:\/\/www.facebook.com\/Fankomiks","https:\/\/x.com\/Fankomiks"]}]}},"_links":{"self":[{"href":"https:\/\/fankomiks.pl\/sklep\/wp-json\/wp\/v2\/product\/581","targetHints":{"allow":["GET"]}}],"collection":[{"href":"https:\/\/fankomiks.pl\/sklep\/wp-json\/wp\/v2\/product"}],"about":[{"href":"https:\/\/fankomiks.pl\/sklep\/wp-json\/wp\/v2\/types\/product"}],"wp:featuredmedia":[{"embeddable":true,"href":"https:\/\/fankomiks.pl\/sklep\/wp-json\/wp\/v2\/media\/582"}],"wp:attachment":[{"href":"https:\/\/fankomiks.pl\/sklep\/wp-json\/wp\/v2\/media?parent=581"}],"wp:term":[{"taxonomy":"product_brand","embeddable":true,"href":"https:\/\/fankomiks.pl\/sklep\/wp-json\/wp\/v2\/product_brand?post=581"},{"taxonomy":"product_cat","embeddable":true,"href":"https:\/\/fankomiks.pl\/sklep\/wp-json\/wp\/v2\/product_cat?post=581"},{"taxonomy":"product_tag","embeddable":true,"href":"https:\/\/fankomiks.pl\/sklep\/wp-json\/wp\/v2\/product_tag?post=581"}],"curies":[{"name":"wp","href":"https:\/\/api.w.org\/{rel}","templated":true}]}}