{"id":578,"date":"2025-11-16T11:10:24","date_gmt":"2025-11-16T11:10:24","guid":{"rendered":"https:\/\/fankomiks.pl\/sklep\/?post_type=product&#038;p=578"},"modified":"2025-11-16T11:36:40","modified_gmt":"2025-11-16T11:36:40","slug":"porady-praktycznego-pana-wyd-kolekcjonerskie","status":"publish","type":"product","link":"https:\/\/fankomiks.pl\/sklep\/produkt\/porady-praktycznego-pana-wyd-kolekcjonerskie\/","title":{"rendered":"Porady Praktycznego Pana (wyd. kolekcjonerskie)"},"content":{"rendered":"<p>Porady Praktycznego Pana &#8211; limitowane wydanie kolekcjonerskie.<br \/>\nAlbum zawiera:<br \/>\n&#8211; komiksy opublikowane w pierwszym wydaniu w roku 2003,<br \/>\n&#8211; nowe komiksy narysowane do reaktywowanego magazynu &#8222;Razem&#8221;,<br \/>\n&#8211; reprodukcj\u0119 szkicu jednej z plansz,<br \/>\n&#8211; wywiad z autorem dotycz\u0105cy kulis\u00f3w powstania Praktycznego Pana,<br \/>\n&#8211; wszystkie 24 odcinki Praktycznego Pana opublikowane w magazynie &#8222;Razem&#8221; w latach 1977-1978,<br \/>\n&#8211; komiks &#8222;Ponura historia Wirgilusza M.&#8221; opublikowany w magazynie &#8222;Razem&#8221; w roku 1976,<br \/>\n&#8211; komiks reklamowy, pierwowz\u00f3r jednego z odcink\u00f3w Praktycznego Pana,<br \/>\n&#8211; p\u0142\u00f3cienn\u0105 opraw\u0119.<\/p>\n<p>Jest to wydanie limitowane. Wielko\u015b\u0107 nak\u0142adu wynosi\u0142a do 300 egz.<\/p>\n<p>Oferowany album ma nr 113<\/p>\n<p>Do ka\u017cdego egzemplarza albumu do\u0142\u0105czony jest specjalny, oryginalny, odr\u0119czny rysunek, narysowany przez Tadeusza Baranowskiego<\/p>\n","protected":false},"excerpt":{"rendered":"<p>Porady Praktycznego Pana &#8211; limitowane wydanie kolekcjonerskie. Album zawiera: &#8211; komiksy opublikowane w pierwszym wydaniu w roku 2003, &#8211; nowe [&hellip;]<\/p>\n","protected":false},"featured_media":579,"template":"","meta":{"site-sidebar-layout":"default","site-content-layout":"","ast-site-content-layout":"default","site-content-style":"default","site-sidebar-style":"default","ast-global-header-display":"","ast-banner-title-visibility":"","ast-main-header-display":"","ast-hfb-above-header-display":"","ast-hfb-below-header-display":"","ast-hfb-mobile-header-display":"","site-post-title":"","ast-breadcrumbs-content":"","ast-featured-img":"","footer-sml-layout":"","ast-disable-related-posts":"","theme-transparent-header-meta":"default","adv-header-id-meta":"","stick-header-meta":"","header-above-stick-meta":"","header-main-stick-meta":"","header-below-stick-meta":"","astra-migrate-meta-layouts":"set","ast-page-background-enabled":"default","ast-page-background-meta":{"desktop":{"background-color":"var(--ast-global-color-5)","background-image":"","background-repeat":"repeat","background-position":"center center","background-size":"auto","background-attachment":"scroll","background-type":"","background-media":"","overlay-type":"","overlay-color":"","overlay-opacity":"","overlay-gradient":""},"tablet":{"background-color":"","background-image":"","background-repeat":"repeat","background-position":"center center","background-size":"auto","background-attachment":"scroll","background-type":"","background-media":"","overlay-type":"","overlay-color":"","overlay-opacity":"","overlay-gradient":""},"mobile":{"background-color":"","background-image":"","background-repeat":"repeat","background-position":"center center","background-size":"auto","background-attachment":"scroll","background-type":"","background-media":"","overlay-type":"","overlay-color":"","overlay-opacity":"","overlay-gradient":""}},"ast-content-background-meta":{"desktop":{"background-color":"var(--ast-global-color-4)","background-image":"","background-repeat":"repeat","background-position":"center center","background-size":"auto","background-attachment":"scroll","background-type":"","background-media":"","overlay-type":"","overlay-color":"","overlay-opacity":"","overlay-gradient":""},"tablet":{"background-color":"var(--ast-global-color-4)","background-image":"","background-repeat":"repeat","background-position":"center center","background-size":"auto","background-attachment":"scroll","background-type":"","background-media":"","overlay-type":"","overlay-color":"","overlay-opacity":"","overlay-gradient":""},"mobile":{"background-color":"var(--ast-global-color-4)","background-image":"","background-repeat":"repeat","background-position":"center center","background-size":"auto","background-attachment":"scroll","background-type":"","background-media":"","overlay-type":"","overlay-color":"","overlay-opacity":"","overlay-gradient":""}}},"product_brand":[],"product_cat":[20,18],"product_tag":[],"class_list":{"0":"post-578","1":"product","2":"type-product","3":"status-publish","4":"has-post-thumbnail","6":"product_cat-biale-kruki","7":"product_cat-komiksy-z-autografem","8":"desktop-align-left","9":"tablet-align-left","10":"mobile-align-left","12":"first","13":"instock","14":"shipping-taxable","15":"purchasable","16":"product-type-simple"},"yoast_head":"<!-- This site is optimized with the Yoast SEO plugin v26.7 - https:\/\/yoast.com\/wordpress\/plugins\/seo\/ -->\n<title>Porady Praktycznego Pana (wyd. kolekcjonerskie) - Fankomiks Sklep<\/title>\n<meta name=\"robots\" content=\"index, follow, max-snippet:-1, max-image-preview:large, max-video-preview:-1\" \/>\n<link rel=\"canonical\" href=\"https:\/\/fankomiks.pl\/sklep\/produkt\/porady-praktycznego-pana-wyd-kolekcjonerskie\/\" \/>\n<meta property=\"og:locale\" content=\"pl_PL\" \/>\n<meta property=\"og:type\" content=\"article\" \/>\n<meta property=\"og:title\" content=\"Porady Praktycznego Pana (wyd. kolekcjonerskie) - Fankomiks Sklep\" \/>\n<meta property=\"og:description\" content=\"Porady Praktycznego Pana &#8211; limitowane wydanie kolekcjonerskie. Album zawiera: &#8211; komiksy opublikowane w pierwszym wydaniu w roku 2003, &#8211; nowe [&hellip;]\" \/>\n<meta property=\"og:url\" content=\"https:\/\/fankomiks.pl\/sklep\/produkt\/porady-praktycznego-pana-wyd-kolekcjonerskie\/\" \/>\n<meta property=\"og:site_name\" content=\"Fankomiks Sklep\" \/>\n<meta property=\"article:publisher\" content=\"https:\/\/www.facebook.com\/Fankomiks\" \/>\n<meta property=\"article:modified_time\" content=\"2025-11-16T11:36:40+00:00\" \/>\n<meta property=\"og:image\" content=\"https:\/\/fankomiks.pl\/sklep\/wp-content\/uploads\/2025\/11\/IMG_20251114_163650-scaled.jpg\" \/>\n\t<meta property=\"og:image:width\" content=\"1900\" \/>\n\t<meta property=\"og:image:height\" content=\"2560\" \/>\n\t<meta property=\"og:image:type\" content=\"image\/jpeg\" \/>\n<meta name=\"twitter:card\" content=\"summary_large_image\" \/>\n<meta name=\"twitter:site\" content=\"@Fankomiks\" \/>\n<meta name=\"twitter:label1\" content=\"Szacowany czas czytania\" \/>\n\t<meta name=\"twitter:data1\" content=\"1 minuta\" \/>\n<script type=\"application\/ld+json\" class=\"yoast-schema-graph\">{\"@context\":\"https:\/\/schema.org\",\"@graph\":[{\"@type\":\"WebPage\",\"@id\":\"https:\/\/fankomiks.pl\/sklep\/produkt\/porady-praktycznego-pana-wyd-kolekcjonerskie\/\",\"url\":\"https:\/\/fankomiks.pl\/sklep\/produkt\/porady-praktycznego-pana-wyd-kolekcjonerskie\/\",\"name\":\"Porady Praktycznego Pana (wyd. kolekcjonerskie) - Fankomiks Sklep\",\"isPartOf\":{\"@id\":\"https:\/\/fankomiks.pl\/sklep\/#website\"},\"primaryImageOfPage\":{\"@id\":\"https:\/\/fankomiks.pl\/sklep\/produkt\/porady-praktycznego-pana-wyd-kolekcjonerskie\/#primaryimage\"},\"image\":{\"@id\":\"https:\/\/fankomiks.pl\/sklep\/produkt\/porady-praktycznego-pana-wyd-kolekcjonerskie\/#primaryimage\"},\"thumbnailUrl\":\"https:\/\/fankomiks.pl\/sklep\/wp-content\/uploads\/2025\/11\/IMG_20251114_163650-scaled.jpg\",\"datePublished\":\"2025-11-16T11:10:24+00:00\",\"dateModified\":\"2025-11-16T11:36:40+00:00\",\"breadcrumb\":{\"@id\":\"https:\/\/fankomiks.pl\/sklep\/produkt\/porady-praktycznego-pana-wyd-kolekcjonerskie\/#breadcrumb\"},\"inLanguage\":\"pl-PL\",\"potentialAction\":[{\"@type\":\"ReadAction\",\"target\":[\"https:\/\/fankomiks.pl\/sklep\/produkt\/porady-praktycznego-pana-wyd-kolekcjonerskie\/\"]}]},{\"@type\":\"ImageObject\",\"inLanguage\":\"pl-PL\",\"@id\":\"https:\/\/fankomiks.pl\/sklep\/produkt\/porady-praktycznego-pana-wyd-kolekcjonerskie\/#primaryimage\",\"url\":\"https:\/\/fankomiks.pl\/sklep\/wp-content\/uploads\/2025\/11\/IMG_20251114_163650-scaled.jpg\",\"contentUrl\":\"https:\/\/fankomiks.pl\/sklep\/wp-content\/uploads\/2025\/11\/IMG_20251114_163650-scaled.jpg\",\"width\":1900,\"height\":2560,\"caption\":\"{\\\"capture_mode\\\":\\\"AutoModule\\\",\\\"faces\\\":[]}\"},{\"@type\":\"BreadcrumbList\",\"@id\":\"https:\/\/fankomiks.pl\/sklep\/produkt\/porady-praktycznego-pana-wyd-kolekcjonerskie\/#breadcrumb\",\"itemListElement\":[{\"@type\":\"ListItem\",\"position\":1,\"name\":\"Strona g\u0142\u00f3wna\",\"item\":\"https:\/\/fankomiks.pl\/sklep\/\"},{\"@type\":\"ListItem\",\"position\":2,\"name\":\"Nowo\u015bci\",\"item\":\"https:\/\/fankomiks.pl\/sklep\/sklep\/\"},{\"@type\":\"ListItem\",\"position\":3,\"name\":\"Porady Praktycznego Pana (wyd. kolekcjonerskie)\"}]},{\"@type\":\"WebSite\",\"@id\":\"https:\/\/fankomiks.pl\/sklep\/#website\",\"url\":\"https:\/\/fankomiks.pl\/sklep\/\",\"name\":\"Fankomiks Sklep\",\"description\":\"Najwi\u0119kszy i najstarszy sklep z komiksami w Krakowie\",\"publisher\":{\"@id\":\"https:\/\/fankomiks.pl\/sklep\/#organization\"},\"potentialAction\":[{\"@type\":\"SearchAction\",\"target\":{\"@type\":\"EntryPoint\",\"urlTemplate\":\"https:\/\/fankomiks.pl\/sklep\/?s={search_term_string}\"},\"query-input\":{\"@type\":\"PropertyValueSpecification\",\"valueRequired\":true,\"valueName\":\"search_term_string\"}}],\"inLanguage\":\"pl-PL\"},{\"@type\":\"Organization\",\"@id\":\"https:\/\/fankomiks.pl\/sklep\/#organization\",\"name\":\"Najwi\u0119kszy i najstarszy sklep z komiksami w Krakowie\",\"url\":\"https:\/\/fankomiks.pl\/sklep\/\",\"logo\":{\"@type\":\"ImageObject\",\"inLanguage\":\"pl-PL\",\"@id\":\"https:\/\/fankomiks.pl\/sklep\/#\/schema\/logo\/image\/\",\"url\":\"https:\/\/fankomiks.pl\/sklep\/wp-content\/uploads\/2025\/09\/Tablica-fan-komiks-1-scaled.webp\",\"contentUrl\":\"https:\/\/fankomiks.pl\/sklep\/wp-content\/uploads\/2025\/09\/Tablica-fan-komiks-1-scaled.webp\",\"width\":2367,\"height\":2560,\"caption\":\"Najwi\u0119kszy i najstarszy sklep z komiksami w Krakowie\"},\"image\":{\"@id\":\"https:\/\/fankomiks.pl\/sklep\/#\/schema\/logo\/image\/\"},\"sameAs\":[\"https:\/\/www.facebook.com\/Fankomiks\",\"https:\/\/x.com\/Fankomiks\"]}]}<\/script>\n<!-- \/ Yoast SEO plugin. -->","yoast_head_json":{"title":"Porady Praktycznego Pana (wyd. kolekcjonerskie) - Fankomiks Sklep","robots":{"index":"index","follow":"follow","max-snippet":"max-snippet:-1","max-image-preview":"max-image-preview:large","max-video-preview":"max-video-preview:-1"},"canonical":"https:\/\/fankomiks.pl\/sklep\/produkt\/porady-praktycznego-pana-wyd-kolekcjonerskie\/","og_locale":"pl_PL","og_type":"article","og_title":"Porady Praktycznego Pana (wyd. kolekcjonerskie) - Fankomiks Sklep","og_description":"Porady Praktycznego Pana &#8211; limitowane wydanie kolekcjonerskie. Album zawiera: &#8211; komiksy opublikowane w pierwszym wydaniu w roku 2003, &#8211; nowe [&hellip;]","og_url":"https:\/\/fankomiks.pl\/sklep\/produkt\/porady-praktycznego-pana-wyd-kolekcjonerskie\/","og_site_name":"Fankomiks Sklep","article_publisher":"https:\/\/www.facebook.com\/Fankomiks","article_modified_time":"2025-11-16T11:36:40+00:00","og_image":[{"width":1900,"height":2560,"url":"https:\/\/fankomiks.pl\/sklep\/wp-content\/uploads\/2025\/11\/IMG_20251114_163650-scaled.jpg","type":"image\/jpeg"}],"twitter_card":"summary_large_image","twitter_site":"@Fankomiks","twitter_misc":{"Szacowany czas czytania":"1 minuta"},"schema":{"@context":"https:\/\/schema.org","@graph":[{"@type":"WebPage","@id":"https:\/\/fankomiks.pl\/sklep\/produkt\/porady-praktycznego-pana-wyd-kolekcjonerskie\/","url":"https:\/\/fankomiks.pl\/sklep\/produkt\/porady-praktycznego-pana-wyd-kolekcjonerskie\/","name":"Porady Praktycznego Pana (wyd. kolekcjonerskie) - Fankomiks Sklep","isPartOf":{"@id":"https:\/\/fankomiks.pl\/sklep\/#website"},"primaryImageOfPage":{"@id":"https:\/\/fankomiks.pl\/sklep\/produkt\/porady-praktycznego-pana-wyd-kolekcjonerskie\/#primaryimage"},"image":{"@id":"https:\/\/fankomiks.pl\/sklep\/produkt\/porady-praktycznego-pana-wyd-kolekcjonerskie\/#primaryimage"},"thumbnailUrl":"https:\/\/fankomiks.pl\/sklep\/wp-content\/uploads\/2025\/11\/IMG_20251114_163650-scaled.jpg","datePublished":"2025-11-16T11:10:24+00:00","dateModified":"2025-11-16T11:36:40+00:00","breadcrumb":{"@id":"https:\/\/fankomiks.pl\/sklep\/produkt\/porady-praktycznego-pana-wyd-kolekcjonerskie\/#breadcrumb"},"inLanguage":"pl-PL","potentialAction":[{"@type":"ReadAction","target":["https:\/\/fankomiks.pl\/sklep\/produkt\/porady-praktycznego-pana-wyd-kolekcjonerskie\/"]}]},{"@type":"ImageObject","inLanguage":"pl-PL","@id":"https:\/\/fankomiks.pl\/sklep\/produkt\/porady-praktycznego-pana-wyd-kolekcjonerskie\/#primaryimage","url":"https:\/\/fankomiks.pl\/sklep\/wp-content\/uploads\/2025\/11\/IMG_20251114_163650-scaled.jpg","contentUrl":"https:\/\/fankomiks.pl\/sklep\/wp-content\/uploads\/2025\/11\/IMG_20251114_163650-scaled.jpg","width":1900,"height":2560,"caption":"{\"capture_mode\":\"AutoModule\",\"faces\":[]}"},{"@type":"BreadcrumbList","@id":"https:\/\/fankomiks.pl\/sklep\/produkt\/porady-praktycznego-pana-wyd-kolekcjonerskie\/#breadcrumb","itemListElement":[{"@type":"ListItem","position":1,"name":"Strona g\u0142\u00f3wna","item":"https:\/\/fankomiks.pl\/sklep\/"},{"@type":"ListItem","position":2,"name":"Nowo\u015bci","item":"https:\/\/fankomiks.pl\/sklep\/sklep\/"},{"@type":"ListItem","position":3,"name":"Porady Praktycznego Pana (wyd. kolekcjonerskie)"}]},{"@type":"WebSite","@id":"https:\/\/fankomiks.pl\/sklep\/#website","url":"https:\/\/fankomiks.pl\/sklep\/","name":"Fankomiks Sklep","description":"Najwi\u0119kszy i najstarszy sklep z komiksami w Krakowie","publisher":{"@id":"https:\/\/fankomiks.pl\/sklep\/#organization"},"potentialAction":[{"@type":"SearchAction","target":{"@type":"EntryPoint","urlTemplate":"https:\/\/fankomiks.pl\/sklep\/?s={search_term_string}"},"query-input":{"@type":"PropertyValueSpecification","valueRequired":true,"valueName":"search_term_string"}}],"inLanguage":"pl-PL"},{"@type":"Organization","@id":"https:\/\/fankomiks.pl\/sklep\/#organization","name":"Najwi\u0119kszy i najstarszy sklep z komiksami w Krakowie","url":"https:\/\/fankomiks.pl\/sklep\/","logo":{"@type":"ImageObject","inLanguage":"pl-PL","@id":"https:\/\/fankomiks.pl\/sklep\/#\/schema\/logo\/image\/","url":"https:\/\/fankomiks.pl\/sklep\/wp-content\/uploads\/2025\/09\/Tablica-fan-komiks-1-scaled.webp","contentUrl":"https:\/\/fankomiks.pl\/sklep\/wp-content\/uploads\/2025\/09\/Tablica-fan-komiks-1-scaled.webp","width":2367,"height":2560,"caption":"Najwi\u0119kszy i najstarszy sklep z komiksami w Krakowie"},"image":{"@id":"https:\/\/fankomiks.pl\/sklep\/#\/schema\/logo\/image\/"},"sameAs":["https:\/\/www.facebook.com\/Fankomiks","https:\/\/x.com\/Fankomiks"]}]}},"_links":{"self":[{"href":"https:\/\/fankomiks.pl\/sklep\/wp-json\/wp\/v2\/product\/578","targetHints":{"allow":["GET"]}}],"collection":[{"href":"https:\/\/fankomiks.pl\/sklep\/wp-json\/wp\/v2\/product"}],"about":[{"href":"https:\/\/fankomiks.pl\/sklep\/wp-json\/wp\/v2\/types\/product"}],"wp:featuredmedia":[{"embeddable":true,"href":"https:\/\/fankomiks.pl\/sklep\/wp-json\/wp\/v2\/media\/579"}],"wp:attachment":[{"href":"https:\/\/fankomiks.pl\/sklep\/wp-json\/wp\/v2\/media?parent=578"}],"wp:term":[{"taxonomy":"product_brand","embeddable":true,"href":"https:\/\/fankomiks.pl\/sklep\/wp-json\/wp\/v2\/product_brand?post=578"},{"taxonomy":"product_cat","embeddable":true,"href":"https:\/\/fankomiks.pl\/sklep\/wp-json\/wp\/v2\/product_cat?post=578"},{"taxonomy":"product_tag","embeddable":true,"href":"https:\/\/fankomiks.pl\/sklep\/wp-json\/wp\/v2\/product_tag?post=578"}],"curies":[{"name":"wp","href":"https:\/\/api.w.org\/{rel}","templated":true}]}}