{"id":576,"date":"2025-11-10T18:28:41","date_gmt":"2025-11-10T18:28:41","guid":{"rendered":"https:\/\/fankomiks.pl\/sklep\/?post_type=product&#038;p=576"},"modified":"2025-11-10T18:28:58","modified_gmt":"2025-11-10T18:28:58","slug":"yragael-urm-szalony","status":"publish","type":"product","link":"https:\/\/fankomiks.pl\/sklep\/produkt\/yragael-urm-szalony\/","title":{"rendered":"Yraga\u00ebl \u2022 Urm szalony"},"content":{"rendered":"<p><b>Komiks ikoniczny i osza\u0142amiaj\u0105cy. Ta pozycja na nowo definiowa\u0142a sztuk\u0119 komiksu.<\/b>\u00a0Rysunki, a w\u0142a\u015bciwie olbrzymie grafiki, wbijaj\u0105 czytelnika w ziemi\u0119 i zabieraj\u0105 do innego wymiaru fantazji. Do tego historia, opowiedziana w spos\u00f3b przywo\u0142uj\u0105cy na my\u015bl klasyczne epopeje i mity.<\/p>\n<p>Zrodzony z chaosu ksi\u0105\u017c\u0119 Yraga\u00ebl jest zdaje si\u0119 ostatni\u0105 nadziej\u0105 ludzko\u015bci. Losami ziemi zabawiaj\u0105 si\u0119 b\u00f3stwa z odleg\u0142ych rubie\u017cy kosmosu, demoniczne byty i pot\u0119\u017cne, nienazwane energie. Jednak bohaterski op\u00f3r ksi\u0119cia wobec tych si\u0142 \u0142amie dopiero mi\u0142o\u015b\u0107 do czarodziejki b\u0119d\u0105cej wcieleniem wielkiej metropolii. Z ich zjednoczenia rodzi si\u0119 zdeformowane dzieci\u0119, Urm. Jego rozpacz ma w sobie moc odkupienia.<\/p>\n<p>Opowie\u015b\u0107\u00a0<i>Michela Demutha<\/i>\u00a0snuje si\u0119 niczym pie\u015b\u0144, jest jednak jedynie ornamentem wobec zapieraj\u0105cych dech w piersiach rysunk\u00f3w\u00a0<i>Phillipe\u2019a Druilleta<\/i>, jednego z mistrz\u00f3w poetyckiego science-fiction lat 70.<\/p>\n<p>Album jest wyrazem nieskr\u0119powanego, artystycznego ducha, fascynacji okultyzmem i alchemi\u0105, ale te\u017c znakiem czas\u00f3w, w kt\u00f3rych komiks by\u0142 wolny od wszelkich ogranicze\u0144.<\/p>\n<p>Uwaga: Komiks tylko dla doros\u0142ych.<\/p>\n","protected":false},"excerpt":{"rendered":"<p>Komiks ikoniczny i osza\u0142amiaj\u0105cy. Ta pozycja na nowo definiowa\u0142a sztuk\u0119 komiksu.\u00a0Rysunki, a w\u0142a\u015bciwie olbrzymie grafiki, wbijaj\u0105 czytelnika w ziemi\u0119 i [&hellip;]<\/p>\n","protected":false},"featured_media":577,"template":"","meta":{"site-sidebar-layout":"default","site-content-layout":"","ast-site-content-layout":"default","site-content-style":"default","site-sidebar-style":"default","ast-global-header-display":"","ast-banner-title-visibility":"","ast-main-header-display":"","ast-hfb-above-header-display":"","ast-hfb-below-header-display":"","ast-hfb-mobile-header-display":"","site-post-title":"","ast-breadcrumbs-content":"","ast-featured-img":"","footer-sml-layout":"","ast-disable-related-posts":"","theme-transparent-header-meta":"default","adv-header-id-meta":"","stick-header-meta":"","header-above-stick-meta":"","header-main-stick-meta":"","header-below-stick-meta":"","astra-migrate-meta-layouts":"set","ast-page-background-enabled":"default","ast-page-background-meta":{"desktop":{"background-color":"var(--ast-global-color-5)","background-image":"","background-repeat":"repeat","background-position":"center center","background-size":"auto","background-attachment":"scroll","background-type":"","background-media":"","overlay-type":"","overlay-color":"","overlay-opacity":"","overlay-gradient":""},"tablet":{"background-color":"","background-image":"","background-repeat":"repeat","background-position":"center center","background-size":"auto","background-attachment":"scroll","background-type":"","background-media":"","overlay-type":"","overlay-color":"","overlay-opacity":"","overlay-gradient":""},"mobile":{"background-color":"","background-image":"","background-repeat":"repeat","background-position":"center center","background-size":"auto","background-attachment":"scroll","background-type":"","background-media":"","overlay-type":"","overlay-color":"","overlay-opacity":"","overlay-gradient":""}},"ast-content-background-meta":{"desktop":{"background-color":"var(--ast-global-color-4)","background-image":"","background-repeat":"repeat","background-position":"center center","background-size":"auto","background-attachment":"scroll","background-type":"","background-media":"","overlay-type":"","overlay-color":"","overlay-opacity":"","overlay-gradient":""},"tablet":{"background-color":"var(--ast-global-color-4)","background-image":"","background-repeat":"repeat","background-position":"center center","background-size":"auto","background-attachment":"scroll","background-type":"","background-media":"","overlay-type":"","overlay-color":"","overlay-opacity":"","overlay-gradient":""},"mobile":{"background-color":"var(--ast-global-color-4)","background-image":"","background-repeat":"repeat","background-position":"center center","background-size":"auto","background-attachment":"scroll","background-type":"","background-media":"","overlay-type":"","overlay-color":"","overlay-opacity":"","overlay-gradient":""}}},"product_brand":[],"product_cat":[20],"product_tag":[],"class_list":{"0":"post-576","1":"product","2":"type-product","3":"status-publish","4":"has-post-thumbnail","6":"product_cat-biale-kruki","7":"desktop-align-left","8":"tablet-align-left","9":"mobile-align-left","11":"first","12":"instock","13":"shipping-taxable","14":"purchasable","15":"product-type-simple"},"yoast_head":"<!-- This site is optimized with the Yoast SEO plugin v26.7 - https:\/\/yoast.com\/wordpress\/plugins\/seo\/ -->\n<title>Yraga\u00ebl \u2022 Urm szalony - Fankomiks Sklep<\/title>\n<meta name=\"robots\" content=\"index, follow, max-snippet:-1, max-image-preview:large, max-video-preview:-1\" \/>\n<link rel=\"canonical\" href=\"https:\/\/fankomiks.pl\/sklep\/produkt\/yragael-urm-szalony\/\" \/>\n<meta property=\"og:locale\" content=\"pl_PL\" \/>\n<meta property=\"og:type\" content=\"article\" \/>\n<meta property=\"og:title\" content=\"Yraga\u00ebl \u2022 Urm szalony - Fankomiks Sklep\" \/>\n<meta property=\"og:description\" content=\"Komiks ikoniczny i osza\u0142amiaj\u0105cy. Ta pozycja na nowo definiowa\u0142a sztuk\u0119 komiksu.\u00a0Rysunki, a w\u0142a\u015bciwie olbrzymie grafiki, wbijaj\u0105 czytelnika w ziemi\u0119 i [&hellip;]\" \/>\n<meta property=\"og:url\" content=\"https:\/\/fankomiks.pl\/sklep\/produkt\/yragael-urm-szalony\/\" \/>\n<meta property=\"og:site_name\" content=\"Fankomiks Sklep\" \/>\n<meta property=\"article:publisher\" content=\"https:\/\/www.facebook.com\/Fankomiks\" \/>\n<meta property=\"article:modified_time\" content=\"2025-11-10T18:28:58+00:00\" \/>\n<meta property=\"og:image\" content=\"https:\/\/fankomiks.pl\/sklep\/wp-content\/uploads\/2025\/11\/yragael-urm-szalony_okladka-podstawowa-big.jpg\" \/>\n\t<meta property=\"og:image:width\" content=\"433\" \/>\n\t<meta property=\"og:image:height\" content=\"573\" \/>\n\t<meta property=\"og:image:type\" content=\"image\/jpeg\" \/>\n<meta name=\"twitter:card\" content=\"summary_large_image\" \/>\n<meta name=\"twitter:site\" content=\"@Fankomiks\" \/>\n<meta name=\"twitter:label1\" content=\"Szacowany czas czytania\" \/>\n\t<meta name=\"twitter:data1\" content=\"2 minuty\" \/>\n<script type=\"application\/ld+json\" class=\"yoast-schema-graph\">{\"@context\":\"https:\/\/schema.org\",\"@graph\":[{\"@type\":\"WebPage\",\"@id\":\"https:\/\/fankomiks.pl\/sklep\/produkt\/yragael-urm-szalony\/\",\"url\":\"https:\/\/fankomiks.pl\/sklep\/produkt\/yragael-urm-szalony\/\",\"name\":\"Yraga\u00ebl \u2022 Urm szalony - Fankomiks Sklep\",\"isPartOf\":{\"@id\":\"https:\/\/fankomiks.pl\/sklep\/#website\"},\"primaryImageOfPage\":{\"@id\":\"https:\/\/fankomiks.pl\/sklep\/produkt\/yragael-urm-szalony\/#primaryimage\"},\"image\":{\"@id\":\"https:\/\/fankomiks.pl\/sklep\/produkt\/yragael-urm-szalony\/#primaryimage\"},\"thumbnailUrl\":\"https:\/\/fankomiks.pl\/sklep\/wp-content\/uploads\/2025\/11\/yragael-urm-szalony_okladka-podstawowa-big.jpg\",\"datePublished\":\"2025-11-10T18:28:41+00:00\",\"dateModified\":\"2025-11-10T18:28:58+00:00\",\"breadcrumb\":{\"@id\":\"https:\/\/fankomiks.pl\/sklep\/produkt\/yragael-urm-szalony\/#breadcrumb\"},\"inLanguage\":\"pl-PL\",\"potentialAction\":[{\"@type\":\"ReadAction\",\"target\":[\"https:\/\/fankomiks.pl\/sklep\/produkt\/yragael-urm-szalony\/\"]}]},{\"@type\":\"ImageObject\",\"inLanguage\":\"pl-PL\",\"@id\":\"https:\/\/fankomiks.pl\/sklep\/produkt\/yragael-urm-szalony\/#primaryimage\",\"url\":\"https:\/\/fankomiks.pl\/sklep\/wp-content\/uploads\/2025\/11\/yragael-urm-szalony_okladka-podstawowa-big.jpg\",\"contentUrl\":\"https:\/\/fankomiks.pl\/sklep\/wp-content\/uploads\/2025\/11\/yragael-urm-szalony_okladka-podstawowa-big.jpg\",\"width\":433,\"height\":573},{\"@type\":\"BreadcrumbList\",\"@id\":\"https:\/\/fankomiks.pl\/sklep\/produkt\/yragael-urm-szalony\/#breadcrumb\",\"itemListElement\":[{\"@type\":\"ListItem\",\"position\":1,\"name\":\"Strona g\u0142\u00f3wna\",\"item\":\"https:\/\/fankomiks.pl\/sklep\/\"},{\"@type\":\"ListItem\",\"position\":2,\"name\":\"Nowo\u015bci\",\"item\":\"https:\/\/fankomiks.pl\/sklep\/sklep\/\"},{\"@type\":\"ListItem\",\"position\":3,\"name\":\"Yraga\u00ebl \u2022 Urm szalony\"}]},{\"@type\":\"WebSite\",\"@id\":\"https:\/\/fankomiks.pl\/sklep\/#website\",\"url\":\"https:\/\/fankomiks.pl\/sklep\/\",\"name\":\"Fankomiks Sklep\",\"description\":\"Najwi\u0119kszy i najstarszy sklep z komiksami w Krakowie\",\"publisher\":{\"@id\":\"https:\/\/fankomiks.pl\/sklep\/#organization\"},\"potentialAction\":[{\"@type\":\"SearchAction\",\"target\":{\"@type\":\"EntryPoint\",\"urlTemplate\":\"https:\/\/fankomiks.pl\/sklep\/?s={search_term_string}\"},\"query-input\":{\"@type\":\"PropertyValueSpecification\",\"valueRequired\":true,\"valueName\":\"search_term_string\"}}],\"inLanguage\":\"pl-PL\"},{\"@type\":\"Organization\",\"@id\":\"https:\/\/fankomiks.pl\/sklep\/#organization\",\"name\":\"Najwi\u0119kszy i najstarszy sklep z komiksami w Krakowie\",\"url\":\"https:\/\/fankomiks.pl\/sklep\/\",\"logo\":{\"@type\":\"ImageObject\",\"inLanguage\":\"pl-PL\",\"@id\":\"https:\/\/fankomiks.pl\/sklep\/#\/schema\/logo\/image\/\",\"url\":\"https:\/\/fankomiks.pl\/sklep\/wp-content\/uploads\/2025\/09\/Tablica-fan-komiks-1-scaled.webp\",\"contentUrl\":\"https:\/\/fankomiks.pl\/sklep\/wp-content\/uploads\/2025\/09\/Tablica-fan-komiks-1-scaled.webp\",\"width\":2367,\"height\":2560,\"caption\":\"Najwi\u0119kszy i najstarszy sklep z komiksami w Krakowie\"},\"image\":{\"@id\":\"https:\/\/fankomiks.pl\/sklep\/#\/schema\/logo\/image\/\"},\"sameAs\":[\"https:\/\/www.facebook.com\/Fankomiks\",\"https:\/\/x.com\/Fankomiks\"]}]}<\/script>\n<!-- \/ Yoast SEO plugin. -->","yoast_head_json":{"title":"Yraga\u00ebl \u2022 Urm szalony - Fankomiks Sklep","robots":{"index":"index","follow":"follow","max-snippet":"max-snippet:-1","max-image-preview":"max-image-preview:large","max-video-preview":"max-video-preview:-1"},"canonical":"https:\/\/fankomiks.pl\/sklep\/produkt\/yragael-urm-szalony\/","og_locale":"pl_PL","og_type":"article","og_title":"Yraga\u00ebl \u2022 Urm szalony - Fankomiks Sklep","og_description":"Komiks ikoniczny i osza\u0142amiaj\u0105cy. Ta pozycja na nowo definiowa\u0142a sztuk\u0119 komiksu.\u00a0Rysunki, a w\u0142a\u015bciwie olbrzymie grafiki, wbijaj\u0105 czytelnika w ziemi\u0119 i [&hellip;]","og_url":"https:\/\/fankomiks.pl\/sklep\/produkt\/yragael-urm-szalony\/","og_site_name":"Fankomiks Sklep","article_publisher":"https:\/\/www.facebook.com\/Fankomiks","article_modified_time":"2025-11-10T18:28:58+00:00","og_image":[{"width":433,"height":573,"url":"https:\/\/fankomiks.pl\/sklep\/wp-content\/uploads\/2025\/11\/yragael-urm-szalony_okladka-podstawowa-big.jpg","type":"image\/jpeg"}],"twitter_card":"summary_large_image","twitter_site":"@Fankomiks","twitter_misc":{"Szacowany czas czytania":"2 minuty"},"schema":{"@context":"https:\/\/schema.org","@graph":[{"@type":"WebPage","@id":"https:\/\/fankomiks.pl\/sklep\/produkt\/yragael-urm-szalony\/","url":"https:\/\/fankomiks.pl\/sklep\/produkt\/yragael-urm-szalony\/","name":"Yraga\u00ebl \u2022 Urm szalony - Fankomiks Sklep","isPartOf":{"@id":"https:\/\/fankomiks.pl\/sklep\/#website"},"primaryImageOfPage":{"@id":"https:\/\/fankomiks.pl\/sklep\/produkt\/yragael-urm-szalony\/#primaryimage"},"image":{"@id":"https:\/\/fankomiks.pl\/sklep\/produkt\/yragael-urm-szalony\/#primaryimage"},"thumbnailUrl":"https:\/\/fankomiks.pl\/sklep\/wp-content\/uploads\/2025\/11\/yragael-urm-szalony_okladka-podstawowa-big.jpg","datePublished":"2025-11-10T18:28:41+00:00","dateModified":"2025-11-10T18:28:58+00:00","breadcrumb":{"@id":"https:\/\/fankomiks.pl\/sklep\/produkt\/yragael-urm-szalony\/#breadcrumb"},"inLanguage":"pl-PL","potentialAction":[{"@type":"ReadAction","target":["https:\/\/fankomiks.pl\/sklep\/produkt\/yragael-urm-szalony\/"]}]},{"@type":"ImageObject","inLanguage":"pl-PL","@id":"https:\/\/fankomiks.pl\/sklep\/produkt\/yragael-urm-szalony\/#primaryimage","url":"https:\/\/fankomiks.pl\/sklep\/wp-content\/uploads\/2025\/11\/yragael-urm-szalony_okladka-podstawowa-big.jpg","contentUrl":"https:\/\/fankomiks.pl\/sklep\/wp-content\/uploads\/2025\/11\/yragael-urm-szalony_okladka-podstawowa-big.jpg","width":433,"height":573},{"@type":"BreadcrumbList","@id":"https:\/\/fankomiks.pl\/sklep\/produkt\/yragael-urm-szalony\/#breadcrumb","itemListElement":[{"@type":"ListItem","position":1,"name":"Strona g\u0142\u00f3wna","item":"https:\/\/fankomiks.pl\/sklep\/"},{"@type":"ListItem","position":2,"name":"Nowo\u015bci","item":"https:\/\/fankomiks.pl\/sklep\/sklep\/"},{"@type":"ListItem","position":3,"name":"Yraga\u00ebl \u2022 Urm szalony"}]},{"@type":"WebSite","@id":"https:\/\/fankomiks.pl\/sklep\/#website","url":"https:\/\/fankomiks.pl\/sklep\/","name":"Fankomiks Sklep","description":"Najwi\u0119kszy i najstarszy sklep z komiksami w Krakowie","publisher":{"@id":"https:\/\/fankomiks.pl\/sklep\/#organization"},"potentialAction":[{"@type":"SearchAction","target":{"@type":"EntryPoint","urlTemplate":"https:\/\/fankomiks.pl\/sklep\/?s={search_term_string}"},"query-input":{"@type":"PropertyValueSpecification","valueRequired":true,"valueName":"search_term_string"}}],"inLanguage":"pl-PL"},{"@type":"Organization","@id":"https:\/\/fankomiks.pl\/sklep\/#organization","name":"Najwi\u0119kszy i najstarszy sklep z komiksami w Krakowie","url":"https:\/\/fankomiks.pl\/sklep\/","logo":{"@type":"ImageObject","inLanguage":"pl-PL","@id":"https:\/\/fankomiks.pl\/sklep\/#\/schema\/logo\/image\/","url":"https:\/\/fankomiks.pl\/sklep\/wp-content\/uploads\/2025\/09\/Tablica-fan-komiks-1-scaled.webp","contentUrl":"https:\/\/fankomiks.pl\/sklep\/wp-content\/uploads\/2025\/09\/Tablica-fan-komiks-1-scaled.webp","width":2367,"height":2560,"caption":"Najwi\u0119kszy i najstarszy sklep z komiksami w Krakowie"},"image":{"@id":"https:\/\/fankomiks.pl\/sklep\/#\/schema\/logo\/image\/"},"sameAs":["https:\/\/www.facebook.com\/Fankomiks","https:\/\/x.com\/Fankomiks"]}]}},"_links":{"self":[{"href":"https:\/\/fankomiks.pl\/sklep\/wp-json\/wp\/v2\/product\/576","targetHints":{"allow":["GET"]}}],"collection":[{"href":"https:\/\/fankomiks.pl\/sklep\/wp-json\/wp\/v2\/product"}],"about":[{"href":"https:\/\/fankomiks.pl\/sklep\/wp-json\/wp\/v2\/types\/product"}],"wp:featuredmedia":[{"embeddable":true,"href":"https:\/\/fankomiks.pl\/sklep\/wp-json\/wp\/v2\/media\/577"}],"wp:attachment":[{"href":"https:\/\/fankomiks.pl\/sklep\/wp-json\/wp\/v2\/media?parent=576"}],"wp:term":[{"taxonomy":"product_brand","embeddable":true,"href":"https:\/\/fankomiks.pl\/sklep\/wp-json\/wp\/v2\/product_brand?post=576"},{"taxonomy":"product_cat","embeddable":true,"href":"https:\/\/fankomiks.pl\/sklep\/wp-json\/wp\/v2\/product_cat?post=576"},{"taxonomy":"product_tag","embeddable":true,"href":"https:\/\/fankomiks.pl\/sklep\/wp-json\/wp\/v2\/product_tag?post=576"}],"curies":[{"name":"wp","href":"https:\/\/api.w.org\/{rel}","templated":true}]}}