{"id":573,"date":"2025-11-10T17:32:26","date_gmt":"2025-11-10T17:32:26","guid":{"rendered":"https:\/\/fankomiks.pl\/sklep\/?post_type=product&#038;p=573"},"modified":"2025-11-10T18:24:32","modified_gmt":"2025-11-10T18:24:32","slug":"gunslinger-spawn","status":"publish","type":"product","link":"https:\/\/fankomiks.pl\/sklep\/produkt\/gunslinger-spawn\/","title":{"rendered":"Gunslinger Spawn"},"content":{"rendered":"<p>Opowiadaj\u0105 t\u0119 legend\u0119 od wysokich r\u00f3wnin Wyoming po skalist\u0105 pustyni\u0119 Yuma w Arizonie. Szepcz\u0105 o cz\u0142owieku, kt\u00f3ry sprzeda\u0142 dusz\u0119 diab\u0142u, aby uzyska\u0107 szans\u0119 na zemst\u0119 \u2013 zemst\u0119 za rodzin\u0119 utracon\u0105 przez chciwo\u015b\u0107 i gniew. M\u00f3wi\u0105, \u017ce ca\u0142e miasto zosta\u0142o starte z mapy jako zap\u0142ata za jego strat\u0119. Nazywaj\u0105 go GUNSLINGER SPAWN.<\/p>\n<p>Gdy latami przemierza\u0142 pustkowia, nikt nie uszed\u0142 przed jego gniewem. Teraz jednak trafi\u0142 do przysz\u0142o\u015bci, \u015bci\u0105gni\u0119ty przez nieznan\u0105 si\u0142\u0119. Zosta\u0142 uwi\u0119ziony w \u015bwiecie pe\u0142nym cud\u00f3w, tajemnic i niebezpiecze\u0144stw! Pojawili si\u0119 te\u017c nowi wrogowie, kt\u00f3rzy chc\u0105 przej\u0105\u0107 jego moc, ale i kreatury z jego mrocznej przesz\u0142o\u015bci wci\u0105\u017c czyhaj\u0105 w cieniu. Pr\u00f3buj\u0105c wr\u00f3ci\u0107 do domu, do swojego czasu, Gunslinger odkrywa, \u017ce jest tylko jedna istota, kt\u00f3ra mo\u017ce mu pom\u00f3c\u2026 To SPAWN.<\/p>\n<p><i>TODD MCFARLANE<\/i>\u00a0zaprosi\u0142 do wsp\u00f3\u0142tworzenia tej serii mi\u0119dzy innymi takie gwiazdy ameryka\u0144skiego komiksu jak:\u00a0<i>Brett Booth<\/i>,\u00a0<i>Kevin Keane<\/i>,\u00a0<i>Adelso Corona<\/i>,\u00a0<i>Ivan Nunes Andrew Dalhouse<\/i>\u00a0czy\u00a0<i>Tom Orzechowski.<\/i><\/p>\n","protected":false},"excerpt":{"rendered":"<p>Opowiadaj\u0105 t\u0119 legend\u0119 od wysokich r\u00f3wnin Wyoming po skalist\u0105 pustyni\u0119 Yuma w Arizonie. Szepcz\u0105 o cz\u0142owieku, kt\u00f3ry sprzeda\u0142 dusz\u0119 diab\u0142u, [&hellip;]<\/p>\n","protected":false},"featured_media":574,"template":"","meta":{"site-sidebar-layout":"default","site-content-layout":"","ast-site-content-layout":"default","site-content-style":"default","site-sidebar-style":"default","ast-global-header-display":"","ast-banner-title-visibility":"","ast-main-header-display":"","ast-hfb-above-header-display":"","ast-hfb-below-header-display":"","ast-hfb-mobile-header-display":"","site-post-title":"","ast-breadcrumbs-content":"","ast-featured-img":"","footer-sml-layout":"","ast-disable-related-posts":"","theme-transparent-header-meta":"default","adv-header-id-meta":"","stick-header-meta":"","header-above-stick-meta":"","header-main-stick-meta":"","header-below-stick-meta":"","astra-migrate-meta-layouts":"set","ast-page-background-enabled":"default","ast-page-background-meta":{"desktop":{"background-color":"var(--ast-global-color-5)","background-image":"","background-repeat":"repeat","background-position":"center center","background-size":"auto","background-attachment":"scroll","background-type":"","background-media":"","overlay-type":"","overlay-color":"","overlay-opacity":"","overlay-gradient":""},"tablet":{"background-color":"","background-image":"","background-repeat":"repeat","background-position":"center center","background-size":"auto","background-attachment":"scroll","background-type":"","background-media":"","overlay-type":"","overlay-color":"","overlay-opacity":"","overlay-gradient":""},"mobile":{"background-color":"","background-image":"","background-repeat":"repeat","background-position":"center center","background-size":"auto","background-attachment":"scroll","background-type":"","background-media":"","overlay-type":"","overlay-color":"","overlay-opacity":"","overlay-gradient":""}},"ast-content-background-meta":{"desktop":{"background-color":"var(--ast-global-color-4)","background-image":"","background-repeat":"repeat","background-position":"center center","background-size":"auto","background-attachment":"scroll","background-type":"","background-media":"","overlay-type":"","overlay-color":"","overlay-opacity":"","overlay-gradient":""},"tablet":{"background-color":"var(--ast-global-color-4)","background-image":"","background-repeat":"repeat","background-position":"center center","background-size":"auto","background-attachment":"scroll","background-type":"","background-media":"","overlay-type":"","overlay-color":"","overlay-opacity":"","overlay-gradient":""},"mobile":{"background-color":"var(--ast-global-color-4)","background-image":"","background-repeat":"repeat","background-position":"center center","background-size":"auto","background-attachment":"scroll","background-type":"","background-media":"","overlay-type":"","overlay-color":"","overlay-opacity":"","overlay-gradient":""}}},"product_brand":[],"product_cat":[20],"product_tag":[],"class_list":{"0":"post-573","1":"product","2":"type-product","3":"status-publish","4":"has-post-thumbnail","6":"product_cat-biale-kruki","7":"desktop-align-left","8":"tablet-align-left","9":"mobile-align-left","11":"first","12":"instock","13":"shipping-taxable","14":"purchasable","15":"product-type-simple"},"yoast_head":"<!-- This site is optimized with the Yoast SEO plugin v26.7 - https:\/\/yoast.com\/wordpress\/plugins\/seo\/ -->\n<title>Gunslinger Spawn - Fankomiks Sklep<\/title>\n<meta name=\"robots\" content=\"index, follow, max-snippet:-1, max-image-preview:large, max-video-preview:-1\" \/>\n<link rel=\"canonical\" href=\"https:\/\/fankomiks.pl\/sklep\/produkt\/gunslinger-spawn\/\" \/>\n<meta property=\"og:locale\" content=\"pl_PL\" \/>\n<meta property=\"og:type\" content=\"article\" \/>\n<meta property=\"og:title\" content=\"Gunslinger Spawn - Fankomiks Sklep\" \/>\n<meta property=\"og:description\" content=\"Opowiadaj\u0105 t\u0119 legend\u0119 od wysokich r\u00f3wnin Wyoming po skalist\u0105 pustyni\u0119 Yuma w Arizonie. Szepcz\u0105 o cz\u0142owieku, kt\u00f3ry sprzeda\u0142 dusz\u0119 diab\u0142u, [&hellip;]\" \/>\n<meta property=\"og:url\" content=\"https:\/\/fankomiks.pl\/sklep\/produkt\/gunslinger-spawn\/\" \/>\n<meta property=\"og:site_name\" content=\"Fankomiks Sklep\" \/>\n<meta property=\"article:publisher\" content=\"https:\/\/www.facebook.com\/Fankomiks\" \/>\n<meta property=\"article:modified_time\" content=\"2025-11-10T18:24:32+00:00\" \/>\n<meta property=\"og:image\" content=\"https:\/\/fankomiks.pl\/sklep\/wp-content\/uploads\/2025\/11\/gunslinger_okladka-podstawowa_tom-1-big.jpg\" \/>\n\t<meta property=\"og:image:width\" content=\"414\" \/>\n\t<meta property=\"og:image:height\" content=\"623\" \/>\n\t<meta property=\"og:image:type\" content=\"image\/jpeg\" \/>\n<meta name=\"twitter:card\" content=\"summary_large_image\" \/>\n<meta name=\"twitter:site\" content=\"@Fankomiks\" \/>\n<meta name=\"twitter:label1\" content=\"Szacowany czas czytania\" \/>\n\t<meta name=\"twitter:data1\" content=\"2 minuty\" \/>\n<script type=\"application\/ld+json\" class=\"yoast-schema-graph\">{\"@context\":\"https:\/\/schema.org\",\"@graph\":[{\"@type\":\"WebPage\",\"@id\":\"https:\/\/fankomiks.pl\/sklep\/produkt\/gunslinger-spawn\/\",\"url\":\"https:\/\/fankomiks.pl\/sklep\/produkt\/gunslinger-spawn\/\",\"name\":\"Gunslinger Spawn - Fankomiks Sklep\",\"isPartOf\":{\"@id\":\"https:\/\/fankomiks.pl\/sklep\/#website\"},\"primaryImageOfPage\":{\"@id\":\"https:\/\/fankomiks.pl\/sklep\/produkt\/gunslinger-spawn\/#primaryimage\"},\"image\":{\"@id\":\"https:\/\/fankomiks.pl\/sklep\/produkt\/gunslinger-spawn\/#primaryimage\"},\"thumbnailUrl\":\"https:\/\/fankomiks.pl\/sklep\/wp-content\/uploads\/2025\/11\/gunslinger_okladka-podstawowa_tom-1-big.jpg\",\"datePublished\":\"2025-11-10T17:32:26+00:00\",\"dateModified\":\"2025-11-10T18:24:32+00:00\",\"breadcrumb\":{\"@id\":\"https:\/\/fankomiks.pl\/sklep\/produkt\/gunslinger-spawn\/#breadcrumb\"},\"inLanguage\":\"pl-PL\",\"potentialAction\":[{\"@type\":\"ReadAction\",\"target\":[\"https:\/\/fankomiks.pl\/sklep\/produkt\/gunslinger-spawn\/\"]}]},{\"@type\":\"ImageObject\",\"inLanguage\":\"pl-PL\",\"@id\":\"https:\/\/fankomiks.pl\/sklep\/produkt\/gunslinger-spawn\/#primaryimage\",\"url\":\"https:\/\/fankomiks.pl\/sklep\/wp-content\/uploads\/2025\/11\/gunslinger_okladka-podstawowa_tom-1-big.jpg\",\"contentUrl\":\"https:\/\/fankomiks.pl\/sklep\/wp-content\/uploads\/2025\/11\/gunslinger_okladka-podstawowa_tom-1-big.jpg\",\"width\":414,\"height\":623},{\"@type\":\"BreadcrumbList\",\"@id\":\"https:\/\/fankomiks.pl\/sklep\/produkt\/gunslinger-spawn\/#breadcrumb\",\"itemListElement\":[{\"@type\":\"ListItem\",\"position\":1,\"name\":\"Strona g\u0142\u00f3wna\",\"item\":\"https:\/\/fankomiks.pl\/sklep\/\"},{\"@type\":\"ListItem\",\"position\":2,\"name\":\"Nowo\u015bci\",\"item\":\"https:\/\/fankomiks.pl\/sklep\/sklep\/\"},{\"@type\":\"ListItem\",\"position\":3,\"name\":\"Gunslinger Spawn\"}]},{\"@type\":\"WebSite\",\"@id\":\"https:\/\/fankomiks.pl\/sklep\/#website\",\"url\":\"https:\/\/fankomiks.pl\/sklep\/\",\"name\":\"Fankomiks Sklep\",\"description\":\"Najwi\u0119kszy i najstarszy sklep z komiksami w Krakowie\",\"publisher\":{\"@id\":\"https:\/\/fankomiks.pl\/sklep\/#organization\"},\"potentialAction\":[{\"@type\":\"SearchAction\",\"target\":{\"@type\":\"EntryPoint\",\"urlTemplate\":\"https:\/\/fankomiks.pl\/sklep\/?s={search_term_string}\"},\"query-input\":{\"@type\":\"PropertyValueSpecification\",\"valueRequired\":true,\"valueName\":\"search_term_string\"}}],\"inLanguage\":\"pl-PL\"},{\"@type\":\"Organization\",\"@id\":\"https:\/\/fankomiks.pl\/sklep\/#organization\",\"name\":\"Najwi\u0119kszy i najstarszy sklep z komiksami w Krakowie\",\"url\":\"https:\/\/fankomiks.pl\/sklep\/\",\"logo\":{\"@type\":\"ImageObject\",\"inLanguage\":\"pl-PL\",\"@id\":\"https:\/\/fankomiks.pl\/sklep\/#\/schema\/logo\/image\/\",\"url\":\"https:\/\/fankomiks.pl\/sklep\/wp-content\/uploads\/2025\/09\/Tablica-fan-komiks-1-scaled.webp\",\"contentUrl\":\"https:\/\/fankomiks.pl\/sklep\/wp-content\/uploads\/2025\/09\/Tablica-fan-komiks-1-scaled.webp\",\"width\":2367,\"height\":2560,\"caption\":\"Najwi\u0119kszy i najstarszy sklep z komiksami w Krakowie\"},\"image\":{\"@id\":\"https:\/\/fankomiks.pl\/sklep\/#\/schema\/logo\/image\/\"},\"sameAs\":[\"https:\/\/www.facebook.com\/Fankomiks\",\"https:\/\/x.com\/Fankomiks\"]}]}<\/script>\n<!-- \/ Yoast SEO plugin. -->","yoast_head_json":{"title":"Gunslinger Spawn - Fankomiks Sklep","robots":{"index":"index","follow":"follow","max-snippet":"max-snippet:-1","max-image-preview":"max-image-preview:large","max-video-preview":"max-video-preview:-1"},"canonical":"https:\/\/fankomiks.pl\/sklep\/produkt\/gunslinger-spawn\/","og_locale":"pl_PL","og_type":"article","og_title":"Gunslinger Spawn - Fankomiks Sklep","og_description":"Opowiadaj\u0105 t\u0119 legend\u0119 od wysokich r\u00f3wnin Wyoming po skalist\u0105 pustyni\u0119 Yuma w Arizonie. Szepcz\u0105 o cz\u0142owieku, kt\u00f3ry sprzeda\u0142 dusz\u0119 diab\u0142u, [&hellip;]","og_url":"https:\/\/fankomiks.pl\/sklep\/produkt\/gunslinger-spawn\/","og_site_name":"Fankomiks Sklep","article_publisher":"https:\/\/www.facebook.com\/Fankomiks","article_modified_time":"2025-11-10T18:24:32+00:00","og_image":[{"width":414,"height":623,"url":"https:\/\/fankomiks.pl\/sklep\/wp-content\/uploads\/2025\/11\/gunslinger_okladka-podstawowa_tom-1-big.jpg","type":"image\/jpeg"}],"twitter_card":"summary_large_image","twitter_site":"@Fankomiks","twitter_misc":{"Szacowany czas czytania":"2 minuty"},"schema":{"@context":"https:\/\/schema.org","@graph":[{"@type":"WebPage","@id":"https:\/\/fankomiks.pl\/sklep\/produkt\/gunslinger-spawn\/","url":"https:\/\/fankomiks.pl\/sklep\/produkt\/gunslinger-spawn\/","name":"Gunslinger Spawn - Fankomiks Sklep","isPartOf":{"@id":"https:\/\/fankomiks.pl\/sklep\/#website"},"primaryImageOfPage":{"@id":"https:\/\/fankomiks.pl\/sklep\/produkt\/gunslinger-spawn\/#primaryimage"},"image":{"@id":"https:\/\/fankomiks.pl\/sklep\/produkt\/gunslinger-spawn\/#primaryimage"},"thumbnailUrl":"https:\/\/fankomiks.pl\/sklep\/wp-content\/uploads\/2025\/11\/gunslinger_okladka-podstawowa_tom-1-big.jpg","datePublished":"2025-11-10T17:32:26+00:00","dateModified":"2025-11-10T18:24:32+00:00","breadcrumb":{"@id":"https:\/\/fankomiks.pl\/sklep\/produkt\/gunslinger-spawn\/#breadcrumb"},"inLanguage":"pl-PL","potentialAction":[{"@type":"ReadAction","target":["https:\/\/fankomiks.pl\/sklep\/produkt\/gunslinger-spawn\/"]}]},{"@type":"ImageObject","inLanguage":"pl-PL","@id":"https:\/\/fankomiks.pl\/sklep\/produkt\/gunslinger-spawn\/#primaryimage","url":"https:\/\/fankomiks.pl\/sklep\/wp-content\/uploads\/2025\/11\/gunslinger_okladka-podstawowa_tom-1-big.jpg","contentUrl":"https:\/\/fankomiks.pl\/sklep\/wp-content\/uploads\/2025\/11\/gunslinger_okladka-podstawowa_tom-1-big.jpg","width":414,"height":623},{"@type":"BreadcrumbList","@id":"https:\/\/fankomiks.pl\/sklep\/produkt\/gunslinger-spawn\/#breadcrumb","itemListElement":[{"@type":"ListItem","position":1,"name":"Strona g\u0142\u00f3wna","item":"https:\/\/fankomiks.pl\/sklep\/"},{"@type":"ListItem","position":2,"name":"Nowo\u015bci","item":"https:\/\/fankomiks.pl\/sklep\/sklep\/"},{"@type":"ListItem","position":3,"name":"Gunslinger Spawn"}]},{"@type":"WebSite","@id":"https:\/\/fankomiks.pl\/sklep\/#website","url":"https:\/\/fankomiks.pl\/sklep\/","name":"Fankomiks Sklep","description":"Najwi\u0119kszy i najstarszy sklep z komiksami w Krakowie","publisher":{"@id":"https:\/\/fankomiks.pl\/sklep\/#organization"},"potentialAction":[{"@type":"SearchAction","target":{"@type":"EntryPoint","urlTemplate":"https:\/\/fankomiks.pl\/sklep\/?s={search_term_string}"},"query-input":{"@type":"PropertyValueSpecification","valueRequired":true,"valueName":"search_term_string"}}],"inLanguage":"pl-PL"},{"@type":"Organization","@id":"https:\/\/fankomiks.pl\/sklep\/#organization","name":"Najwi\u0119kszy i najstarszy sklep z komiksami w Krakowie","url":"https:\/\/fankomiks.pl\/sklep\/","logo":{"@type":"ImageObject","inLanguage":"pl-PL","@id":"https:\/\/fankomiks.pl\/sklep\/#\/schema\/logo\/image\/","url":"https:\/\/fankomiks.pl\/sklep\/wp-content\/uploads\/2025\/09\/Tablica-fan-komiks-1-scaled.webp","contentUrl":"https:\/\/fankomiks.pl\/sklep\/wp-content\/uploads\/2025\/09\/Tablica-fan-komiks-1-scaled.webp","width":2367,"height":2560,"caption":"Najwi\u0119kszy i najstarszy sklep z komiksami w Krakowie"},"image":{"@id":"https:\/\/fankomiks.pl\/sklep\/#\/schema\/logo\/image\/"},"sameAs":["https:\/\/www.facebook.com\/Fankomiks","https:\/\/x.com\/Fankomiks"]}]}},"_links":{"self":[{"href":"https:\/\/fankomiks.pl\/sklep\/wp-json\/wp\/v2\/product\/573","targetHints":{"allow":["GET"]}}],"collection":[{"href":"https:\/\/fankomiks.pl\/sklep\/wp-json\/wp\/v2\/product"}],"about":[{"href":"https:\/\/fankomiks.pl\/sklep\/wp-json\/wp\/v2\/types\/product"}],"wp:featuredmedia":[{"embeddable":true,"href":"https:\/\/fankomiks.pl\/sklep\/wp-json\/wp\/v2\/media\/574"}],"wp:attachment":[{"href":"https:\/\/fankomiks.pl\/sklep\/wp-json\/wp\/v2\/media?parent=573"}],"wp:term":[{"taxonomy":"product_brand","embeddable":true,"href":"https:\/\/fankomiks.pl\/sklep\/wp-json\/wp\/v2\/product_brand?post=573"},{"taxonomy":"product_cat","embeddable":true,"href":"https:\/\/fankomiks.pl\/sklep\/wp-json\/wp\/v2\/product_cat?post=573"},{"taxonomy":"product_tag","embeddable":true,"href":"https:\/\/fankomiks.pl\/sklep\/wp-json\/wp\/v2\/product_tag?post=573"}],"curies":[{"name":"wp","href":"https:\/\/api.w.org\/{rel}","templated":true}]}}