{"id":156,"date":"2025-08-25T18:02:03","date_gmt":"2025-08-25T18:02:03","guid":{"rendered":"https:\/\/dev.dawidgicala.pl\/fankomiks\/?post_type=product&#038;p=156"},"modified":"2025-09-26T13:30:30","modified_gmt":"2025-09-26T13:30:30","slug":"thorgal-40-lat-5","status":"publish","type":"product","link":"https:\/\/fankomiks.pl\/sklep\/produkt\/thorgal-40-lat-5\/","title":{"rendered":"Thorgal &#8211; 40 lat"},"content":{"rendered":"<p>Niepublikowane rysunki, obrazy, liczne szkice postaci, projekty ok\u0142adek, plakaty\u2026<\/p>\n<p>Artbook wydany z okazji czterdziestolecia powstania serii\u00a0<em>Thorgal<\/em>\u00a0pozwala bli\u017cej przyjrze\u0107 si\u0119 warsztatowi najs\u0142ynniejszego polskiego rysownika\u00a0<strong>Grzegorza Rosi\u0144skiego<\/strong>, a tak\u017ce ponownie spotka\u0107 si\u0119 z bohaterami s\u0142ynnej wiki\u0144skiej sagi. Artbook jest przede wszystkim \u015bwiadectwem talentu polskiego artysty. Ogl\u0105daj\u0105c ilustracje, czujemy si\u0119 niemal tak, jakby\u015bmy zagl\u0105dali Grzegorzowi Rosi\u0144skiemu przez rami\u0119.<\/p>\n<p>Za spraw\u0105 setek wybornych szkic\u00f3w mo\u017cemy odwiedzi\u0107 jego pracowni\u0119 i dowiedzie\u0107 si\u0119 nie tylko tego, jak zmienia\u0142o si\u0119 wyobra\u017cenie rysownika o ca\u0142ym wiki\u0144skim uniwersum i poszczeg\u00f3lnych postaciach, ale przede wszystkim jak stylistycznie i warsztatowo ewoluowa\u0142a tw\u00f3rczo\u015b\u0107 mistrza komiksu.<\/p>\n","protected":false},"excerpt":{"rendered":"<p>Niepublikowane rysunki, obrazy, liczne szkice postaci, projekty ok\u0142adek, plakaty\u2026 Artbook wydany z okazji czterdziestolecia powstania serii\u00a0Thorgal\u00a0pozwala bli\u017cej przyjrze\u0107 si\u0119 warsztatowi [&hellip;]<\/p>\n","protected":false},"featured_media":70,"template":"","meta":{"site-sidebar-layout":"default","site-content-layout":"","ast-site-content-layout":"default","site-content-style":"default","site-sidebar-style":"default","ast-global-header-display":"","ast-banner-title-visibility":"","ast-main-header-display":"","ast-hfb-above-header-display":"","ast-hfb-below-header-display":"","ast-hfb-mobile-header-display":"","site-post-title":"","ast-breadcrumbs-content":"","ast-featured-img":"","footer-sml-layout":"","ast-disable-related-posts":"","theme-transparent-header-meta":"default","adv-header-id-meta":"","stick-header-meta":"","header-above-stick-meta":"","header-main-stick-meta":"","header-below-stick-meta":"","astra-migrate-meta-layouts":"set","ast-page-background-enabled":"default","ast-page-background-meta":{"desktop":{"background-color":"var(--ast-global-color-5)","background-image":"","background-repeat":"repeat","background-position":"center center","background-size":"auto","background-attachment":"scroll","background-type":"","background-media":"","overlay-type":"","overlay-color":"","overlay-opacity":"","overlay-gradient":""},"tablet":{"background-color":"","background-image":"","background-repeat":"repeat","background-position":"center center","background-size":"auto","background-attachment":"scroll","background-type":"","background-media":"","overlay-type":"","overlay-color":"","overlay-opacity":"","overlay-gradient":""},"mobile":{"background-color":"","background-image":"","background-repeat":"repeat","background-position":"center center","background-size":"auto","background-attachment":"scroll","background-type":"","background-media":"","overlay-type":"","overlay-color":"","overlay-opacity":"","overlay-gradient":""}},"ast-content-background-meta":{"desktop":{"background-color":"var(--ast-global-color-4)","background-image":"","background-repeat":"repeat","background-position":"center center","background-size":"auto","background-attachment":"scroll","background-type":"","background-media":"","overlay-type":"","overlay-color":"","overlay-opacity":"","overlay-gradient":""},"tablet":{"background-color":"var(--ast-global-color-4)","background-image":"","background-repeat":"repeat","background-position":"center center","background-size":"auto","background-attachment":"scroll","background-type":"","background-media":"","overlay-type":"","overlay-color":"","overlay-opacity":"","overlay-gradient":""},"mobile":{"background-color":"var(--ast-global-color-4)","background-image":"","background-repeat":"repeat","background-position":"center center","background-size":"auto","background-attachment":"scroll","background-type":"","background-media":"","overlay-type":"","overlay-color":"","overlay-opacity":"","overlay-gradient":""}}},"product_brand":[],"product_cat":[20],"product_tag":[],"class_list":{"0":"post-156","1":"product","2":"type-product","3":"status-publish","4":"has-post-thumbnail","6":"product_cat-biale-kruki","7":"desktop-align-left","8":"tablet-align-left","9":"mobile-align-left","11":"first","12":"instock","13":"shipping-taxable","14":"purchasable","15":"product-type-simple"},"yoast_head":"<!-- This site is optimized with the Yoast SEO plugin v26.7 - https:\/\/yoast.com\/wordpress\/plugins\/seo\/ -->\n<title>Thorgal - 40 lat - Fankomiks Sklep<\/title>\n<meta name=\"robots\" content=\"index, follow, max-snippet:-1, max-image-preview:large, max-video-preview:-1\" \/>\n<link rel=\"canonical\" href=\"https:\/\/fankomiks.pl\/sklep\/produkt\/thorgal-40-lat-5\/\" \/>\n<meta property=\"og:locale\" content=\"pl_PL\" \/>\n<meta property=\"og:type\" content=\"article\" \/>\n<meta property=\"og:title\" content=\"Thorgal - 40 lat - Fankomiks Sklep\" \/>\n<meta property=\"og:description\" content=\"Niepublikowane rysunki, obrazy, liczne szkice postaci, projekty ok\u0142adek, plakaty\u2026 Artbook wydany z okazji czterdziestolecia powstania serii\u00a0Thorgal\u00a0pozwala bli\u017cej przyjrze\u0107 si\u0119 warsztatowi [&hellip;]\" \/>\n<meta property=\"og:url\" content=\"https:\/\/fankomiks.pl\/sklep\/produkt\/thorgal-40-lat-5\/\" \/>\n<meta property=\"og:site_name\" content=\"Fankomiks Sklep\" \/>\n<meta property=\"article:publisher\" content=\"https:\/\/www.facebook.com\/Fankomiks\" \/>\n<meta property=\"article:modified_time\" content=\"2025-09-26T13:30:30+00:00\" \/>\n<meta property=\"og:image\" content=\"https:\/\/fankomiks.pl\/sklep\/wp-content\/uploads\/2025\/08\/thorgal.webp\" \/>\n\t<meta property=\"og:image:width\" content=\"1000\" \/>\n\t<meta property=\"og:image:height\" content=\"1319\" \/>\n\t<meta property=\"og:image:type\" content=\"image\/webp\" \/>\n<meta name=\"twitter:card\" content=\"summary_large_image\" \/>\n<meta name=\"twitter:site\" content=\"@Fankomiks\" \/>\n<meta name=\"twitter:label1\" content=\"Szacowany czas czytania\" \/>\n\t<meta name=\"twitter:data1\" content=\"1 minuta\" \/>\n<script type=\"application\/ld+json\" class=\"yoast-schema-graph\">{\"@context\":\"https:\/\/schema.org\",\"@graph\":[{\"@type\":\"WebPage\",\"@id\":\"https:\/\/fankomiks.pl\/sklep\/produkt\/thorgal-40-lat-5\/\",\"url\":\"https:\/\/fankomiks.pl\/sklep\/produkt\/thorgal-40-lat-5\/\",\"name\":\"Thorgal - 40 lat - Fankomiks Sklep\",\"isPartOf\":{\"@id\":\"https:\/\/fankomiks.pl\/sklep\/#website\"},\"primaryImageOfPage\":{\"@id\":\"https:\/\/fankomiks.pl\/sklep\/produkt\/thorgal-40-lat-5\/#primaryimage\"},\"image\":{\"@id\":\"https:\/\/fankomiks.pl\/sklep\/produkt\/thorgal-40-lat-5\/#primaryimage\"},\"thumbnailUrl\":\"https:\/\/fankomiks.pl\/sklep\/wp-content\/uploads\/2025\/08\/thorgal.webp\",\"datePublished\":\"2025-08-25T18:02:03+00:00\",\"dateModified\":\"2025-09-26T13:30:30+00:00\",\"breadcrumb\":{\"@id\":\"https:\/\/fankomiks.pl\/sklep\/produkt\/thorgal-40-lat-5\/#breadcrumb\"},\"inLanguage\":\"pl-PL\",\"potentialAction\":[{\"@type\":\"ReadAction\",\"target\":[\"https:\/\/fankomiks.pl\/sklep\/produkt\/thorgal-40-lat-5\/\"]}]},{\"@type\":\"ImageObject\",\"inLanguage\":\"pl-PL\",\"@id\":\"https:\/\/fankomiks.pl\/sklep\/produkt\/thorgal-40-lat-5\/#primaryimage\",\"url\":\"https:\/\/fankomiks.pl\/sklep\/wp-content\/uploads\/2025\/08\/thorgal.webp\",\"contentUrl\":\"https:\/\/fankomiks.pl\/sklep\/wp-content\/uploads\/2025\/08\/thorgal.webp\",\"width\":1000,\"height\":1319},{\"@type\":\"BreadcrumbList\",\"@id\":\"https:\/\/fankomiks.pl\/sklep\/produkt\/thorgal-40-lat-5\/#breadcrumb\",\"itemListElement\":[{\"@type\":\"ListItem\",\"position\":1,\"name\":\"Strona g\u0142\u00f3wna\",\"item\":\"https:\/\/fankomiks.pl\/sklep\/\"},{\"@type\":\"ListItem\",\"position\":2,\"name\":\"Nowo\u015bci\",\"item\":\"https:\/\/fankomiks.pl\/sklep\/sklep\/\"},{\"@type\":\"ListItem\",\"position\":3,\"name\":\"Thorgal &#8211; 40 lat\"}]},{\"@type\":\"WebSite\",\"@id\":\"https:\/\/fankomiks.pl\/sklep\/#website\",\"url\":\"https:\/\/fankomiks.pl\/sklep\/\",\"name\":\"Fankomiks Sklep\",\"description\":\"Najwi\u0119kszy i najstarszy sklep z komiksami w Krakowie\",\"publisher\":{\"@id\":\"https:\/\/fankomiks.pl\/sklep\/#organization\"},\"potentialAction\":[{\"@type\":\"SearchAction\",\"target\":{\"@type\":\"EntryPoint\",\"urlTemplate\":\"https:\/\/fankomiks.pl\/sklep\/?s={search_term_string}\"},\"query-input\":{\"@type\":\"PropertyValueSpecification\",\"valueRequired\":true,\"valueName\":\"search_term_string\"}}],\"inLanguage\":\"pl-PL\"},{\"@type\":\"Organization\",\"@id\":\"https:\/\/fankomiks.pl\/sklep\/#organization\",\"name\":\"Najwi\u0119kszy i najstarszy sklep z komiksami w Krakowie\",\"url\":\"https:\/\/fankomiks.pl\/sklep\/\",\"logo\":{\"@type\":\"ImageObject\",\"inLanguage\":\"pl-PL\",\"@id\":\"https:\/\/fankomiks.pl\/sklep\/#\/schema\/logo\/image\/\",\"url\":\"https:\/\/fankomiks.pl\/sklep\/wp-content\/uploads\/2025\/09\/Tablica-fan-komiks-1-scaled.webp\",\"contentUrl\":\"https:\/\/fankomiks.pl\/sklep\/wp-content\/uploads\/2025\/09\/Tablica-fan-komiks-1-scaled.webp\",\"width\":2367,\"height\":2560,\"caption\":\"Najwi\u0119kszy i najstarszy sklep z komiksami w Krakowie\"},\"image\":{\"@id\":\"https:\/\/fankomiks.pl\/sklep\/#\/schema\/logo\/image\/\"},\"sameAs\":[\"https:\/\/www.facebook.com\/Fankomiks\",\"https:\/\/x.com\/Fankomiks\"]}]}<\/script>\n<!-- \/ Yoast SEO plugin. -->","yoast_head_json":{"title":"Thorgal - 40 lat - Fankomiks Sklep","robots":{"index":"index","follow":"follow","max-snippet":"max-snippet:-1","max-image-preview":"max-image-preview:large","max-video-preview":"max-video-preview:-1"},"canonical":"https:\/\/fankomiks.pl\/sklep\/produkt\/thorgal-40-lat-5\/","og_locale":"pl_PL","og_type":"article","og_title":"Thorgal - 40 lat - Fankomiks Sklep","og_description":"Niepublikowane rysunki, obrazy, liczne szkice postaci, projekty ok\u0142adek, plakaty\u2026 Artbook wydany z okazji czterdziestolecia powstania serii\u00a0Thorgal\u00a0pozwala bli\u017cej przyjrze\u0107 si\u0119 warsztatowi [&hellip;]","og_url":"https:\/\/fankomiks.pl\/sklep\/produkt\/thorgal-40-lat-5\/","og_site_name":"Fankomiks Sklep","article_publisher":"https:\/\/www.facebook.com\/Fankomiks","article_modified_time":"2025-09-26T13:30:30+00:00","og_image":[{"width":1000,"height":1319,"url":"https:\/\/fankomiks.pl\/sklep\/wp-content\/uploads\/2025\/08\/thorgal.webp","type":"image\/webp"}],"twitter_card":"summary_large_image","twitter_site":"@Fankomiks","twitter_misc":{"Szacowany czas czytania":"1 minuta"},"schema":{"@context":"https:\/\/schema.org","@graph":[{"@type":"WebPage","@id":"https:\/\/fankomiks.pl\/sklep\/produkt\/thorgal-40-lat-5\/","url":"https:\/\/fankomiks.pl\/sklep\/produkt\/thorgal-40-lat-5\/","name":"Thorgal - 40 lat - Fankomiks Sklep","isPartOf":{"@id":"https:\/\/fankomiks.pl\/sklep\/#website"},"primaryImageOfPage":{"@id":"https:\/\/fankomiks.pl\/sklep\/produkt\/thorgal-40-lat-5\/#primaryimage"},"image":{"@id":"https:\/\/fankomiks.pl\/sklep\/produkt\/thorgal-40-lat-5\/#primaryimage"},"thumbnailUrl":"https:\/\/fankomiks.pl\/sklep\/wp-content\/uploads\/2025\/08\/thorgal.webp","datePublished":"2025-08-25T18:02:03+00:00","dateModified":"2025-09-26T13:30:30+00:00","breadcrumb":{"@id":"https:\/\/fankomiks.pl\/sklep\/produkt\/thorgal-40-lat-5\/#breadcrumb"},"inLanguage":"pl-PL","potentialAction":[{"@type":"ReadAction","target":["https:\/\/fankomiks.pl\/sklep\/produkt\/thorgal-40-lat-5\/"]}]},{"@type":"ImageObject","inLanguage":"pl-PL","@id":"https:\/\/fankomiks.pl\/sklep\/produkt\/thorgal-40-lat-5\/#primaryimage","url":"https:\/\/fankomiks.pl\/sklep\/wp-content\/uploads\/2025\/08\/thorgal.webp","contentUrl":"https:\/\/fankomiks.pl\/sklep\/wp-content\/uploads\/2025\/08\/thorgal.webp","width":1000,"height":1319},{"@type":"BreadcrumbList","@id":"https:\/\/fankomiks.pl\/sklep\/produkt\/thorgal-40-lat-5\/#breadcrumb","itemListElement":[{"@type":"ListItem","position":1,"name":"Strona g\u0142\u00f3wna","item":"https:\/\/fankomiks.pl\/sklep\/"},{"@type":"ListItem","position":2,"name":"Nowo\u015bci","item":"https:\/\/fankomiks.pl\/sklep\/sklep\/"},{"@type":"ListItem","position":3,"name":"Thorgal &#8211; 40 lat"}]},{"@type":"WebSite","@id":"https:\/\/fankomiks.pl\/sklep\/#website","url":"https:\/\/fankomiks.pl\/sklep\/","name":"Fankomiks Sklep","description":"Najwi\u0119kszy i najstarszy sklep z komiksami w Krakowie","publisher":{"@id":"https:\/\/fankomiks.pl\/sklep\/#organization"},"potentialAction":[{"@type":"SearchAction","target":{"@type":"EntryPoint","urlTemplate":"https:\/\/fankomiks.pl\/sklep\/?s={search_term_string}"},"query-input":{"@type":"PropertyValueSpecification","valueRequired":true,"valueName":"search_term_string"}}],"inLanguage":"pl-PL"},{"@type":"Organization","@id":"https:\/\/fankomiks.pl\/sklep\/#organization","name":"Najwi\u0119kszy i najstarszy sklep z komiksami w Krakowie","url":"https:\/\/fankomiks.pl\/sklep\/","logo":{"@type":"ImageObject","inLanguage":"pl-PL","@id":"https:\/\/fankomiks.pl\/sklep\/#\/schema\/logo\/image\/","url":"https:\/\/fankomiks.pl\/sklep\/wp-content\/uploads\/2025\/09\/Tablica-fan-komiks-1-scaled.webp","contentUrl":"https:\/\/fankomiks.pl\/sklep\/wp-content\/uploads\/2025\/09\/Tablica-fan-komiks-1-scaled.webp","width":2367,"height":2560,"caption":"Najwi\u0119kszy i najstarszy sklep z komiksami w Krakowie"},"image":{"@id":"https:\/\/fankomiks.pl\/sklep\/#\/schema\/logo\/image\/"},"sameAs":["https:\/\/www.facebook.com\/Fankomiks","https:\/\/x.com\/Fankomiks"]}]}},"_links":{"self":[{"href":"https:\/\/fankomiks.pl\/sklep\/wp-json\/wp\/v2\/product\/156","targetHints":{"allow":["GET"]}}],"collection":[{"href":"https:\/\/fankomiks.pl\/sklep\/wp-json\/wp\/v2\/product"}],"about":[{"href":"https:\/\/fankomiks.pl\/sklep\/wp-json\/wp\/v2\/types\/product"}],"wp:featuredmedia":[{"embeddable":true,"href":"https:\/\/fankomiks.pl\/sklep\/wp-json\/wp\/v2\/media\/70"}],"wp:attachment":[{"href":"https:\/\/fankomiks.pl\/sklep\/wp-json\/wp\/v2\/media?parent=156"}],"wp:term":[{"taxonomy":"product_brand","embeddable":true,"href":"https:\/\/fankomiks.pl\/sklep\/wp-json\/wp\/v2\/product_brand?post=156"},{"taxonomy":"product_cat","embeddable":true,"href":"https:\/\/fankomiks.pl\/sklep\/wp-json\/wp\/v2\/product_cat?post=156"},{"taxonomy":"product_tag","embeddable":true,"href":"https:\/\/fankomiks.pl\/sklep\/wp-json\/wp\/v2\/product_tag?post=156"}],"curies":[{"name":"wp","href":"https:\/\/api.w.org\/{rel}","templated":true}]}}