{"id":262,"date":"2025-09-15T05:31:50","date_gmt":"2025-09-15T05:31:50","guid":{"rendered":"https:\/\/dev.dawidgicala.pl\/fankomiks\/?page_id=262"},"modified":"2025-09-23T13:51:16","modified_gmt":"2025-09-23T13:51:16","slug":"o-nas","status":"publish","type":"page","link":"https:\/\/fankomiks.pl\/sklep\/o-nas\/","title":{"rendered":"O nas"},"content":{"rendered":"\t\t<div data-elementor-type=\"wp-page\" data-elementor-id=\"262\" class=\"elementor elementor-262\" data-elementor-post-type=\"page\">\n\t\t\t\t<div class=\"elementor-element elementor-element-c55d8bf e-flex e-con-boxed e-con e-parent\" data-id=\"c55d8bf\" data-element_type=\"container\" data-settings=\"{&quot;background_background&quot;:&quot;classic&quot;}\">\n\t\t\t\t\t<div class=\"e-con-inner\">\n\t\t<div class=\"elementor-element elementor-element-514bb6f e-con-full elementor-hidden-tablet e-flex e-con e-child\" data-id=\"514bb6f\" data-element_type=\"container\">\n\t\t\t\t<div class=\"elementor-element elementor-element-7240ca3 elementor-hidden-mobile elementor-widget elementor-widget-image\" data-id=\"7240ca3\" data-element_type=\"widget\" data-widget_type=\"image.default\">\n\t\t\t\t\t\t\t\t\t\t\t\t\t\t\t<img fetchpriority=\"high\" decoding=\"async\" width=\"2367\" height=\"2560\" src=\"https:\/\/fankomiks.pl\/sklep\/wp-content\/uploads\/2025\/09\/fankomiks-krakow-scaled.webp\" class=\"attachment-full size-full wp-image-378\" alt=\"\" srcset=\"https:\/\/fankomiks.pl\/sklep\/wp-content\/uploads\/2025\/09\/fankomiks-krakow-scaled.webp 2367w, https:\/\/fankomiks.pl\/sklep\/wp-content\/uploads\/2025\/09\/fankomiks-krakow-277x300.webp 277w, https:\/\/fankomiks.pl\/sklep\/wp-content\/uploads\/2025\/09\/fankomiks-krakow-947x1024.webp 947w, https:\/\/fankomiks.pl\/sklep\/wp-content\/uploads\/2025\/09\/fankomiks-krakow-768x831.webp 768w, https:\/\/fankomiks.pl\/sklep\/wp-content\/uploads\/2025\/09\/fankomiks-krakow-1420x1536.webp 1420w, https:\/\/fankomiks.pl\/sklep\/wp-content\/uploads\/2025\/09\/fankomiks-krakow-1893x2048.webp 1893w, https:\/\/fankomiks.pl\/sklep\/wp-content\/uploads\/2025\/09\/fankomiks-krakow-600x649.webp 600w\" sizes=\"(max-width: 2367px) 100vw, 2367px\" \/>\t\t\t\t\t\t\t\t\t\t\t\t\t\t\t<\/div>\n\t\t\t\t<\/div>\n\t\t<div class=\"elementor-element elementor-element-bdac187 e-con-full e-flex e-con e-child\" data-id=\"bdac187\" data-element_type=\"container\">\n\t\t\t\t<div class=\"elementor-element elementor-element-ea90201 elementor-hidden-mobile elementor-widget elementor-widget-image\" data-id=\"ea90201\" data-element_type=\"widget\" data-widget_type=\"image.default\">\n\t\t\t\t\t\t\t\t\t\t\t\t\t\t\t<img decoding=\"async\" width=\"1829\" height=\"512\" src=\"https:\/\/fankomiks.pl\/sklep\/wp-content\/uploads\/2025\/09\/fankomiks.webp\" class=\"attachment-full size-full wp-image-380\" alt=\"\" srcset=\"https:\/\/fankomiks.pl\/sklep\/wp-content\/uploads\/2025\/09\/fankomiks.webp 1829w, https:\/\/fankomiks.pl\/sklep\/wp-content\/uploads\/2025\/09\/fankomiks-300x84.webp 300w, https:\/\/fankomiks.pl\/sklep\/wp-content\/uploads\/2025\/09\/fankomiks-1024x287.webp 1024w, https:\/\/fankomiks.pl\/sklep\/wp-content\/uploads\/2025\/09\/fankomiks-768x215.webp 768w, https:\/\/fankomiks.pl\/sklep\/wp-content\/uploads\/2025\/09\/fankomiks-1536x430.webp 1536w, https:\/\/fankomiks.pl\/sklep\/wp-content\/uploads\/2025\/09\/fankomiks-600x168.webp 600w\" sizes=\"(max-width: 1829px) 100vw, 1829px\" \/>\t\t\t\t\t\t\t\t\t\t\t\t\t\t\t<\/div>\n\t\t\t\t<div class=\"elementor-element elementor-element-f86496e elementor-widget elementor-widget-heading\" data-id=\"f86496e\" data-element_type=\"widget\" data-widget_type=\"heading.default\">\n\t\t\t\t\t<h1 class=\"elementor-heading-title elementor-size-default\">O nas<\/h1>\t\t\t\t<\/div>\n\t\t\t\t<div class=\"elementor-element elementor-element-bf0eec2 elementor-widget elementor-widget-text-editor\" data-id=\"bf0eec2\" data-element_type=\"widget\" data-widget_type=\"text-editor.default\">\n\t\t\t\t\t\t\t\t\t<p data-start=\"201\" data-end=\"511\">Fankomiks to <strong data-start=\"214\" data-end=\"270\">najwi\u0119kszy i najstarszy sklep z komiksami w Krakowie<\/strong>, dzia\u0142aj\u0105cy od 2006 roku. Od pocz\u0105tku nasz\u0105 misj\u0105 jest \u0142\u0105czenie pasji do komiksu z profesjonaln\u0105 obs\u0142ug\u0105 &#8211; dlatego w naszej ofercie znajdziesz <strong data-start=\"416\" data-end=\"470\">komiksy polskie, europejskie, ameryka\u0144skie i mang\u0119<\/strong> wszystkich najwa\u017cniejszych wydawnictw.<\/p><p data-start=\"513\" data-end=\"859\">Nie jeste\u015bmy tylko ksi\u0119garni\u0105 &#8211; to tak\u017ce <strong data-start=\"554\" data-end=\"569\">antykwariat<\/strong> z kultowymi tytu\u0142ami, takimi jak <em data-start=\"603\" data-end=\"617\">Kapitan \u017bbik<\/em>, <em data-start=\"619\" data-end=\"634\">Kapitan Kloss<\/em>, <em data-start=\"636\" data-end=\"643\">Relax<\/em> czy komiksy TM-Semic. Regularnie organizujemy <strong data-start=\"690\" data-end=\"725\">spotkania autorskie i warsztaty<\/strong>, a atmosfera Fankomiksu sprawia, \u017ce nasi klienci ch\u0119tnie wracaj\u0105 nie tylko po nowe tytu\u0142y, ale te\u017c po rozmow\u0119 o ulubionych seriach.<\/p><p data-start=\"861\" data-end=\"934\"><strong data-start=\"864\" data-end=\"932\">Fankomiks to miejsce tworzone przez pasjonat\u00f3w &#8211; dla pasjonat\u00f3w.<\/strong><\/p>\t\t\t\t\t\t\t\t<\/div>\n\t\t\t\t<div class=\"elementor-element elementor-element-0e35b3f elementor-hidden-desktop elementor-hidden-tablet elementor-widget elementor-widget-image\" data-id=\"0e35b3f\" data-element_type=\"widget\" data-widget_type=\"image.default\">\n\t\t\t\t\t\t\t\t\t\t\t\t\t\t\t<img fetchpriority=\"high\" decoding=\"async\" width=\"2367\" height=\"2560\" src=\"https:\/\/fankomiks.pl\/sklep\/wp-content\/uploads\/2025\/09\/fankomiks-krakow-scaled.webp\" class=\"attachment-full size-full wp-image-378\" alt=\"\" srcset=\"https:\/\/fankomiks.pl\/sklep\/wp-content\/uploads\/2025\/09\/fankomiks-krakow-scaled.webp 2367w, https:\/\/fankomiks.pl\/sklep\/wp-content\/uploads\/2025\/09\/fankomiks-krakow-277x300.webp 277w, https:\/\/fankomiks.pl\/sklep\/wp-content\/uploads\/2025\/09\/fankomiks-krakow-947x1024.webp 947w, https:\/\/fankomiks.pl\/sklep\/wp-content\/uploads\/2025\/09\/fankomiks-krakow-768x831.webp 768w, https:\/\/fankomiks.pl\/sklep\/wp-content\/uploads\/2025\/09\/fankomiks-krakow-1420x1536.webp 1420w, https:\/\/fankomiks.pl\/sklep\/wp-content\/uploads\/2025\/09\/fankomiks-krakow-1893x2048.webp 1893w, https:\/\/fankomiks.pl\/sklep\/wp-content\/uploads\/2025\/09\/fankomiks-krakow-600x649.webp 600w\" sizes=\"(max-width: 2367px) 100vw, 2367px\" \/>\t\t\t\t\t\t\t\t\t\t\t\t\t\t\t<\/div>\n\t\t\t\t<\/div>\n\t\t\t\t\t<\/div>\n\t\t\t\t<\/div>\n\t\t\t\t<\/div>\n\t\t","protected":false},"excerpt":{"rendered":"<p>O nas Fankomiks to najwi\u0119kszy i najstarszy sklep z komiksami w Krakowie, dzia\u0142aj\u0105cy od 2006 roku. Od pocz\u0105tku nasz\u0105 misj\u0105 [&hellip;]<\/p>\n","protected":false},"author":1,"featured_media":308,"parent":0,"menu_order":0,"comment_status":"closed","ping_status":"closed","template":"","meta":{"site-sidebar-layout":"no-sidebar","site-content-layout":"","ast-site-content-layout":"full-width-container","site-content-style":"default","site-sidebar-style":"default","ast-global-header-display":"","ast-banner-title-visibility":"","ast-main-header-display":"","ast-hfb-above-header-display":"","ast-hfb-below-header-display":"","ast-hfb-mobile-header-display":"","site-post-title":"disabled","ast-breadcrumbs-content":"","ast-featured-img":"disabled","footer-sml-layout":"","ast-disable-related-posts":"","theme-transparent-header-meta":"","adv-header-id-meta":"","stick-header-meta":"","header-above-stick-meta":"","header-main-stick-meta":"","header-below-stick-meta":"","astra-migrate-meta-layouts":"default","ast-page-background-enabled":"default","ast-page-background-meta":{"desktop":{"background-color":"var(--ast-global-color-5)","background-image":"","background-repeat":"repeat","background-position":"center center","background-size":"auto","background-attachment":"scroll","background-type":"","background-media":"","overlay-type":"","overlay-color":"","overlay-opacity":"","overlay-gradient":""},"tablet":{"background-color":"","background-image":"","background-repeat":"repeat","background-position":"center center","background-size":"auto","background-attachment":"scroll","background-type":"","background-media":"","overlay-type":"","overlay-color":"","overlay-opacity":"","overlay-gradient":""},"mobile":{"background-color":"","background-image":"","background-repeat":"repeat","background-position":"center center","background-size":"auto","background-attachment":"scroll","background-type":"","background-media":"","overlay-type":"","overlay-color":"","overlay-opacity":"","overlay-gradient":""}},"ast-content-background-meta":{"desktop":{"background-color":"var(--ast-global-color-4)","background-image":"","background-repeat":"repeat","background-position":"center center","background-size":"auto","background-attachment":"scroll","background-type":"","background-media":"","overlay-type":"","overlay-color":"","overlay-opacity":"","overlay-gradient":""},"tablet":{"background-color":"var(--ast-global-color-4)","background-image":"","background-repeat":"repeat","background-position":"center center","background-size":"auto","background-attachment":"scroll","background-type":"","background-media":"","overlay-type":"","overlay-color":"","overlay-opacity":"","overlay-gradient":""},"mobile":{"background-color":"var(--ast-global-color-4)","background-image":"","background-repeat":"repeat","background-position":"center center","background-size":"auto","background-attachment":"scroll","background-type":"","background-media":"","overlay-type":"","overlay-color":"","overlay-opacity":"","overlay-gradient":""}},"footnotes":""},"class_list":["post-262","page","type-page","status-publish","has-post-thumbnail","hentry"],"yoast_head":"<!-- This site is optimized with the Yoast SEO plugin v26.7 - https:\/\/yoast.com\/wordpress\/plugins\/seo\/ -->\n<title>Sklep komiksowy Krak\u00f3w - Fankomiks ul. Batorego 2<\/title>\n<meta name=\"description\" content=\"Fankomiks to sklep komiksowy w Krakowie z bogat\u0105 ofert\u0105 mang i komiks\u00f3w. Zapraszamy do lokalu przy ul. Batorego 2 - najlepszy sklep komiksowy Krak\u00f3w.\" \/>\n<meta name=\"robots\" content=\"index, follow, max-snippet:-1, max-image-preview:large, max-video-preview:-1\" \/>\n<link rel=\"canonical\" href=\"https:\/\/fankomiks.pl\/sklep\/o-nas\/\" \/>\n<meta property=\"og:locale\" content=\"pl_PL\" \/>\n<meta property=\"og:type\" content=\"article\" \/>\n<meta property=\"og:title\" content=\"Sklep komiksowy Krak\u00f3w - Fankomiks ul. Batorego 2\" \/>\n<meta property=\"og:description\" content=\"Fankomiks to sklep komiksowy w Krakowie z bogat\u0105 ofert\u0105 mang i komiks\u00f3w. Zapraszamy do lokalu przy ul. Batorego 2 - najlepszy sklep komiksowy Krak\u00f3w.\" \/>\n<meta property=\"og:url\" content=\"https:\/\/fankomiks.pl\/sklep\/o-nas\/\" \/>\n<meta property=\"og:site_name\" content=\"Fankomiks Sklep\" \/>\n<meta property=\"article:publisher\" content=\"https:\/\/www.facebook.com\/Fankomiks\" \/>\n<meta property=\"article:modified_time\" content=\"2025-09-23T13:51:16+00:00\" \/>\n<meta property=\"og:image\" content=\"https:\/\/fankomiks.pl\/sklep\/wp-content\/uploads\/2025\/09\/Tablica-fan-komiks-1-scaled.webp\" \/>\n\t<meta property=\"og:image:width\" content=\"2367\" \/>\n\t<meta property=\"og:image:height\" content=\"2560\" \/>\n\t<meta property=\"og:image:type\" content=\"image\/webp\" \/>\n<meta name=\"twitter:card\" content=\"summary_large_image\" \/>\n<meta name=\"twitter:site\" content=\"@Fankomiks\" \/>\n<meta name=\"twitter:label1\" content=\"Szacowany czas czytania\" \/>\n\t<meta name=\"twitter:data1\" content=\"2 minuty\" \/>\n<script type=\"application\/ld+json\" class=\"yoast-schema-graph\">{\"@context\":\"https:\/\/schema.org\",\"@graph\":[{\"@type\":\"WebPage\",\"@id\":\"https:\/\/fankomiks.pl\/sklep\/o-nas\/\",\"url\":\"https:\/\/fankomiks.pl\/sklep\/o-nas\/\",\"name\":\"Sklep komiksowy Krak\u00f3w - Fankomiks ul. Batorego 2\",\"isPartOf\":{\"@id\":\"https:\/\/fankomiks.pl\/sklep\/#website\"},\"primaryImageOfPage\":{\"@id\":\"https:\/\/fankomiks.pl\/sklep\/o-nas\/#primaryimage\"},\"image\":{\"@id\":\"https:\/\/fankomiks.pl\/sklep\/o-nas\/#primaryimage\"},\"thumbnailUrl\":\"https:\/\/fankomiks.pl\/sklep\/wp-content\/uploads\/2025\/09\/Tablica-fan-komiks-1-scaled.webp\",\"datePublished\":\"2025-09-15T05:31:50+00:00\",\"dateModified\":\"2025-09-23T13:51:16+00:00\",\"description\":\"Fankomiks to sklep komiksowy w Krakowie z bogat\u0105 ofert\u0105 mang i komiks\u00f3w. Zapraszamy do lokalu przy ul. Batorego 2 - najlepszy sklep komiksowy Krak\u00f3w.\",\"breadcrumb\":{\"@id\":\"https:\/\/fankomiks.pl\/sklep\/o-nas\/#breadcrumb\"},\"inLanguage\":\"pl-PL\",\"potentialAction\":[{\"@type\":\"ReadAction\",\"target\":[\"https:\/\/fankomiks.pl\/sklep\/o-nas\/\"]}]},{\"@type\":\"ImageObject\",\"inLanguage\":\"pl-PL\",\"@id\":\"https:\/\/fankomiks.pl\/sklep\/o-nas\/#primaryimage\",\"url\":\"https:\/\/fankomiks.pl\/sklep\/wp-content\/uploads\/2025\/09\/Tablica-fan-komiks-1-scaled.webp\",\"contentUrl\":\"https:\/\/fankomiks.pl\/sklep\/wp-content\/uploads\/2025\/09\/Tablica-fan-komiks-1-scaled.webp\",\"width\":2367,\"height\":2560},{\"@type\":\"BreadcrumbList\",\"@id\":\"https:\/\/fankomiks.pl\/sklep\/o-nas\/#breadcrumb\",\"itemListElement\":[{\"@type\":\"ListItem\",\"position\":1,\"name\":\"Strona g\u0142\u00f3wna\",\"item\":\"https:\/\/fankomiks.pl\/sklep\/\"},{\"@type\":\"ListItem\",\"position\":2,\"name\":\"O nas\"}]},{\"@type\":\"WebSite\",\"@id\":\"https:\/\/fankomiks.pl\/sklep\/#website\",\"url\":\"https:\/\/fankomiks.pl\/sklep\/\",\"name\":\"Fankomiks Sklep\",\"description\":\"Najwi\u0119kszy i najstarszy sklep z komiksami w Krakowie\",\"publisher\":{\"@id\":\"https:\/\/fankomiks.pl\/sklep\/#organization\"},\"potentialAction\":[{\"@type\":\"SearchAction\",\"target\":{\"@type\":\"EntryPoint\",\"urlTemplate\":\"https:\/\/fankomiks.pl\/sklep\/?s={search_term_string}\"},\"query-input\":{\"@type\":\"PropertyValueSpecification\",\"valueRequired\":true,\"valueName\":\"search_term_string\"}}],\"inLanguage\":\"pl-PL\"},{\"@type\":\"Organization\",\"@id\":\"https:\/\/fankomiks.pl\/sklep\/#organization\",\"name\":\"Najwi\u0119kszy i najstarszy sklep z komiksami w Krakowie\",\"url\":\"https:\/\/fankomiks.pl\/sklep\/\",\"logo\":{\"@type\":\"ImageObject\",\"inLanguage\":\"pl-PL\",\"@id\":\"https:\/\/fankomiks.pl\/sklep\/#\/schema\/logo\/image\/\",\"url\":\"https:\/\/fankomiks.pl\/sklep\/wp-content\/uploads\/2025\/09\/Tablica-fan-komiks-1-scaled.webp\",\"contentUrl\":\"https:\/\/fankomiks.pl\/sklep\/wp-content\/uploads\/2025\/09\/Tablica-fan-komiks-1-scaled.webp\",\"width\":2367,\"height\":2560,\"caption\":\"Najwi\u0119kszy i najstarszy sklep z komiksami w Krakowie\"},\"image\":{\"@id\":\"https:\/\/fankomiks.pl\/sklep\/#\/schema\/logo\/image\/\"},\"sameAs\":[\"https:\/\/www.facebook.com\/Fankomiks\",\"https:\/\/x.com\/Fankomiks\"]}]}<\/script>\n<!-- \/ Yoast SEO plugin. -->","yoast_head_json":{"title":"Sklep komiksowy Krak\u00f3w - Fankomiks ul. Batorego 2","description":"Fankomiks to sklep komiksowy w Krakowie z bogat\u0105 ofert\u0105 mang i komiks\u00f3w. Zapraszamy do lokalu przy ul. Batorego 2 - najlepszy sklep komiksowy Krak\u00f3w.","robots":{"index":"index","follow":"follow","max-snippet":"max-snippet:-1","max-image-preview":"max-image-preview:large","max-video-preview":"max-video-preview:-1"},"canonical":"https:\/\/fankomiks.pl\/sklep\/o-nas\/","og_locale":"pl_PL","og_type":"article","og_title":"Sklep komiksowy Krak\u00f3w - Fankomiks ul. Batorego 2","og_description":"Fankomiks to sklep komiksowy w Krakowie z bogat\u0105 ofert\u0105 mang i komiks\u00f3w. Zapraszamy do lokalu przy ul. Batorego 2 - najlepszy sklep komiksowy Krak\u00f3w.","og_url":"https:\/\/fankomiks.pl\/sklep\/o-nas\/","og_site_name":"Fankomiks Sklep","article_publisher":"https:\/\/www.facebook.com\/Fankomiks","article_modified_time":"2025-09-23T13:51:16+00:00","og_image":[{"width":2367,"height":2560,"url":"https:\/\/fankomiks.pl\/sklep\/wp-content\/uploads\/2025\/09\/Tablica-fan-komiks-1-scaled.webp","type":"image\/webp"}],"twitter_card":"summary_large_image","twitter_site":"@Fankomiks","twitter_misc":{"Szacowany czas czytania":"2 minuty"},"schema":{"@context":"https:\/\/schema.org","@graph":[{"@type":"WebPage","@id":"https:\/\/fankomiks.pl\/sklep\/o-nas\/","url":"https:\/\/fankomiks.pl\/sklep\/o-nas\/","name":"Sklep komiksowy Krak\u00f3w - Fankomiks ul. Batorego 2","isPartOf":{"@id":"https:\/\/fankomiks.pl\/sklep\/#website"},"primaryImageOfPage":{"@id":"https:\/\/fankomiks.pl\/sklep\/o-nas\/#primaryimage"},"image":{"@id":"https:\/\/fankomiks.pl\/sklep\/o-nas\/#primaryimage"},"thumbnailUrl":"https:\/\/fankomiks.pl\/sklep\/wp-content\/uploads\/2025\/09\/Tablica-fan-komiks-1-scaled.webp","datePublished":"2025-09-15T05:31:50+00:00","dateModified":"2025-09-23T13:51:16+00:00","description":"Fankomiks to sklep komiksowy w Krakowie z bogat\u0105 ofert\u0105 mang i komiks\u00f3w. Zapraszamy do lokalu przy ul. Batorego 2 - najlepszy sklep komiksowy Krak\u00f3w.","breadcrumb":{"@id":"https:\/\/fankomiks.pl\/sklep\/o-nas\/#breadcrumb"},"inLanguage":"pl-PL","potentialAction":[{"@type":"ReadAction","target":["https:\/\/fankomiks.pl\/sklep\/o-nas\/"]}]},{"@type":"ImageObject","inLanguage":"pl-PL","@id":"https:\/\/fankomiks.pl\/sklep\/o-nas\/#primaryimage","url":"https:\/\/fankomiks.pl\/sklep\/wp-content\/uploads\/2025\/09\/Tablica-fan-komiks-1-scaled.webp","contentUrl":"https:\/\/fankomiks.pl\/sklep\/wp-content\/uploads\/2025\/09\/Tablica-fan-komiks-1-scaled.webp","width":2367,"height":2560},{"@type":"BreadcrumbList","@id":"https:\/\/fankomiks.pl\/sklep\/o-nas\/#breadcrumb","itemListElement":[{"@type":"ListItem","position":1,"name":"Strona g\u0142\u00f3wna","item":"https:\/\/fankomiks.pl\/sklep\/"},{"@type":"ListItem","position":2,"name":"O nas"}]},{"@type":"WebSite","@id":"https:\/\/fankomiks.pl\/sklep\/#website","url":"https:\/\/fankomiks.pl\/sklep\/","name":"Fankomiks Sklep","description":"Najwi\u0119kszy i najstarszy sklep z komiksami w Krakowie","publisher":{"@id":"https:\/\/fankomiks.pl\/sklep\/#organization"},"potentialAction":[{"@type":"SearchAction","target":{"@type":"EntryPoint","urlTemplate":"https:\/\/fankomiks.pl\/sklep\/?s={search_term_string}"},"query-input":{"@type":"PropertyValueSpecification","valueRequired":true,"valueName":"search_term_string"}}],"inLanguage":"pl-PL"},{"@type":"Organization","@id":"https:\/\/fankomiks.pl\/sklep\/#organization","name":"Najwi\u0119kszy i najstarszy sklep z komiksami w Krakowie","url":"https:\/\/fankomiks.pl\/sklep\/","logo":{"@type":"ImageObject","inLanguage":"pl-PL","@id":"https:\/\/fankomiks.pl\/sklep\/#\/schema\/logo\/image\/","url":"https:\/\/fankomiks.pl\/sklep\/wp-content\/uploads\/2025\/09\/Tablica-fan-komiks-1-scaled.webp","contentUrl":"https:\/\/fankomiks.pl\/sklep\/wp-content\/uploads\/2025\/09\/Tablica-fan-komiks-1-scaled.webp","width":2367,"height":2560,"caption":"Najwi\u0119kszy i najstarszy sklep z komiksami w Krakowie"},"image":{"@id":"https:\/\/fankomiks.pl\/sklep\/#\/schema\/logo\/image\/"},"sameAs":["https:\/\/www.facebook.com\/Fankomiks","https:\/\/x.com\/Fankomiks"]}]}},"_links":{"self":[{"href":"https:\/\/fankomiks.pl\/sklep\/wp-json\/wp\/v2\/pages\/262","targetHints":{"allow":["GET"]}}],"collection":[{"href":"https:\/\/fankomiks.pl\/sklep\/wp-json\/wp\/v2\/pages"}],"about":[{"href":"https:\/\/fankomiks.pl\/sklep\/wp-json\/wp\/v2\/types\/page"}],"author":[{"embeddable":true,"href":"https:\/\/fankomiks.pl\/sklep\/wp-json\/wp\/v2\/users\/1"}],"replies":[{"embeddable":true,"href":"https:\/\/fankomiks.pl\/sklep\/wp-json\/wp\/v2\/comments?post=262"}],"version-history":[{"count":17,"href":"https:\/\/fankomiks.pl\/sklep\/wp-json\/wp\/v2\/pages\/262\/revisions"}],"predecessor-version":[{"id":383,"href":"https:\/\/fankomiks.pl\/sklep\/wp-json\/wp\/v2\/pages\/262\/revisions\/383"}],"wp:featuredmedia":[{"embeddable":true,"href":"https:\/\/fankomiks.pl\/sklep\/wp-json\/wp\/v2\/media\/308"}],"wp:attachment":[{"href":"https:\/\/fankomiks.pl\/sklep\/wp-json\/wp\/v2\/media?parent=262"}],"curies":[{"name":"wp","href":"https:\/\/api.w.org\/{rel}","templated":true}]}}